{"id":10172,"date":"2022-05-23T13:57:03","date_gmt":"2022-05-23T13:57:03","guid":{"rendered":"https:\/\/www.transgenderthailand.com\/empfehlungsschreiben\/"},"modified":"2026-02-17T08:27:52","modified_gmt":"2026-02-17T08:27:52","slug":"testimonials","status":"publish","type":"page","link":"https:\/\/www.transgenderthailand.com\/de\/testimonials\/","title":{"rendered":"Empfehlungsschreiben"},"content":{"rendered":"\n<h2 class=\"wp-block-heading\"><strong>Korie aus Amerika<\/strong><\/h2>\n\n\n\n<figure class=\"wp-block-image size-full is-resized hover-testimonial\"><img decoding=\"async\" width=\"906\" height=\"558\" src=\"https:\/\/www.transgenderthailand.com\/wp-content\/uploads\/2022\/06\/unnamed.png\" alt=\"Nachricht\" class=\"wp-image-3906\" style=\"width:295px;height:180px\" title=\"\" srcset=\"https:\/\/www.transgenderthailand.com\/wp-content\/uploads\/2022\/06\/unnamed.png 906w, https:\/\/www.transgenderthailand.com\/wp-content\/uploads\/2022\/06\/unnamed-300x185.png 300w, https:\/\/www.transgenderthailand.com\/wp-content\/uploads\/2022\/06\/unnamed-768x473.png 768w, https:\/\/www.transgenderthailand.com\/wp-content\/uploads\/2022\/06\/unnamed-18x12.png 18w\" sizes=\"(max-width: 906px) 100vw, 906px\" \/><\/figure>\n\n\n\n<p>Ich m\u00f6chte mir etwas Zeit nehmen, um meinen Aufenthalt und die Dienstleistungen, die ich in Thailand erhalten habe, hervorzuheben. Meine Liaison war sehr engagiert und hartn\u00e4ckig, um mir zu helfen, ins Krankenhaus zu kommen, und ihr Engagement, mich ins Land zu bringen und mir mit Dienstleistungen zu helfen, w\u00e4hrend ich dort war, war bemerkenswert.<\/p>\n\n\n\n<p>Transgender Thailand war sehr herzlich und einladend, beruhigend und sehr sicher, dass ich in der Lage sein w\u00fcrde, die Prozedur zu bekommen, die ich brauchte und dass das Krankenhaus sich um mich k\u00fcmmern w\u00fcrde. Meine Liason war sehr flei\u00dfig und professionell, ich werde sie und ihr Engagement und ihren Dienst f\u00fcr mich als Patient und als Person mit meiner aufrichtigsten Dankbarkeit und meinem Dank nie vergessen.<\/p>\n\n\n\n<h2 class=\"wp-block-heading\"><strong>Juwel aus Amerika\/Philippinen<\/strong><\/h2>\n\n\n\n<figure class=\"wp-block-image size-full is-resized hover-testimonial\"><img decoding=\"async\" width=\"906\" height=\"558\" src=\"https:\/\/www.transgenderthailand.com\/wp-content\/uploads\/2022\/06\/unnamed.png\" alt=\"Nachricht\" class=\"wp-image-3906\" style=\"width:295px;height:270px\" title=\"\" srcset=\"https:\/\/www.transgenderthailand.com\/wp-content\/uploads\/2022\/06\/unnamed.png 906w, https:\/\/www.transgenderthailand.com\/wp-content\/uploads\/2022\/06\/unnamed-300x185.png 300w, https:\/\/www.transgenderthailand.com\/wp-content\/uploads\/2022\/06\/unnamed-768x473.png 768w, https:\/\/www.transgenderthailand.com\/wp-content\/uploads\/2022\/06\/unnamed-18x12.png 18w\" sizes=\"(max-width: 906px) 100vw, 906px\" \/><\/figure>\n\n\n\n<p>Ich m\u00f6chte nur meinem besten Agenten in Transgender Thailand danken! Ich bin so aufgeregt auf meiner Reise, ich bin alleine von den USA nach Thailand gereist! Ich bin verloren, aufgeregt und nerv\u00f6s! Ich suche, bevor ich einen Termin f\u00fcr meine Operation mache, aber ich habe immer noch das meiste davon nicht verstanden! Meine Liebbeziehung wurde mir vorgestellt, als ich im Krankenhaus bin, nachdem ich sie getroffen habe, alles l\u00e4uft so glatt! Sie beantwortet alle meine Fragen und hilft mir in allem, was ich wissen sollte!<\/p>\n\n\n\n<p>Auch nach der Operation und wenn ich zur\u00fcck in die USA komme! Wenn ich Fragen und Bedenken habe, wird sie mir so schnell wie m\u00f6glich antworten! Ich kann ihr nicht genug f\u00fcr ihre Hilfe danken! Ich werde ihr 100% Bewertung f\u00fcr alles geben, was sie mir auf dieser Reise angetan hat! Ich bin zufrieden mit dem Ergebnis meiner Operation und wie Transgender Thailand sich um mich gek\u00fcmmert hat, wenn ich in Thailand bin. Ich hoffe, Sie helfen mehr Menschen, ihren Traum wahr werden zu lassen wie ich!<\/p>\n\n\n\n<h2 class=\"wp-block-heading\"><strong>Lauren aus Israel<\/strong><\/h2>\n\n\n\n<p>Ich wollte mich f\u00fcr all die Unterst\u00fctzung bedanken, die w\u00e4hrend der Pandemie nach Thailand kam, und du warst der einzige, der sich Tag Nacht um mich gek\u00fcmmert hat, kam mich besuchen, als ich k\u00e4mpfte, brachte mir dreimal Weihnachtsnahrung ohne zu fragen w\u00e4hrend der Monate du warst sehr nett, Schwester Mutter zu helfen, obwohl ich mit der Person sprechen musste, die du dort warst, muss ich mich bedanken So viel zu all Ihrer Unterst\u00fctzung, auch jetzt, Monate nach der Operation, die Sie beantworten, sprechen Sie, die Sie fragen, und es ist nicht einmal eine Frage f\u00fcr Sie. Nochmals vielen Dank f\u00fcr alles, was du tust und du hast f\u00fcr mich getan, liebe dich so sehr<\/p>\n\n\n\n<h2 class=\"wp-block-heading\"><strong>Alessandra aus Rom<\/strong><\/h2>\n\n\n\n<figure class=\"wp-block-image size-full is-resized hover-testimonial\"><img decoding=\"async\" width=\"890\" height=\"816\" src=\"https:\/\/www.transgenderthailand.com\/wp-content\/uploads\/2022\/06\/alexandra.png\" alt=\"Nachricht\" class=\"wp-image-3916\" style=\"width:295px;height:180px\" title=\"\" srcset=\"https:\/\/www.transgenderthailand.com\/wp-content\/uploads\/2022\/06\/alexandra.png 890w, https:\/\/www.transgenderthailand.com\/wp-content\/uploads\/2022\/06\/alexandra-300x275.png 300w, https:\/\/www.transgenderthailand.com\/wp-content\/uploads\/2022\/06\/alexandra-768x704.png 768w, https:\/\/www.transgenderthailand.com\/wp-content\/uploads\/2022\/06\/alexandra-13x12.png 13w\" sizes=\"(max-width: 890px) 100vw, 890px\" \/><\/figure>\n\n\n\n<p>Es war mein Traum, nach Thailand zu kommen und meine sekund\u00e4re Vaginoplastik mit Doktor Kamol durchzuf\u00fchren, aber mein Englisch und die Angst, alleine dorthin zu gehen, lie\u00dfen dies ein Traum bleiben. Bis ich Vanessa traf, die ein wahrer Engel war. Vanessa war w\u00e4hrend der ganzen Zeit an meiner Seite. Sie organisierte alles f\u00fcr mich, vom Visum f\u00fcr meinen Aufenthalt in Bangkok bis zum chirurgischen Eingriff im Krankenhaus. Als ob ich eine Schwester gefunden h\u00e4tte, f\u00fchlte ich mich dank ihr wie zu Hause. Sie kam mich oft besuchen und half mir bei allem, was ich brauchte. Vanessa und Dr. Kamol haben meinen Traum wahr werden lassen, ich habe meine PPV-Technik Vaginoplastik gemacht, in der sie der einzige Ort auf der Welt waren, der diese spezielle Technik anbietet und alles lief gut. Ich werde diese Erfahrung und all die Liebe, die ich vom Personal erhalten habe, nie vergessen. Ohne sie w\u00e4re dies nicht m\u00f6glich gewesen.<\/p>\n","protected":false},"excerpt":{"rendered":"<p>Korie aus Amerika Ich m\u00f6chte mir etwas Zeit nehmen, um meinen Aufenthalt und die Dienstleistungen, die ich in Thailand erhalten habe, hervorzuheben. Meine Liaison war sehr engagiert und hartn\u00e4ckig, um mir zu helfen, ins Krankenhaus zu kommen, und ihr Engagement, mich ins Land zu bringen und mir mit Dienstleistungen zu helfen, w\u00e4hrend ich dort war, [&hellip;]<\/p>\n","protected":false},"author":1,"featured_media":6218,"parent":0,"menu_order":0,"comment_status":"closed","ping_status":"closed","template":"page.php","meta":{"footnotes":""},"class_list":["post-10172","page","type-page","status-publish","has-post-thumbnail","hentry"],"acf":[],"_links":{"self":[{"href":"https:\/\/www.transgenderthailand.com\/de\/wp-json\/wp\/v2\/pages\/10172","targetHints":{"allow":["GET"]}}],"collection":[{"href":"https:\/\/www.transgenderthailand.com\/de\/wp-json\/wp\/v2\/pages"}],"about":[{"href":"https:\/\/www.transgenderthailand.com\/de\/wp-json\/wp\/v2\/types\/page"}],"author":[{"embeddable":true,"href":"https:\/\/www.transgenderthailand.com\/de\/wp-json\/wp\/v2\/users\/1"}],"replies":[{"embeddable":true,"href":"https:\/\/www.transgenderthailand.com\/de\/wp-json\/wp\/v2\/comments?post=10172"}],"version-history":[{"count":1,"href":"https:\/\/www.transgenderthailand.com\/de\/wp-json\/wp\/v2\/pages\/10172\/revisions"}],"predecessor-version":[{"id":206278,"href":"https:\/\/www.transgenderthailand.com\/de\/wp-json\/wp\/v2\/pages\/10172\/revisions\/206278"}],"wp:featuredmedia":[{"embeddable":true,"href":"https:\/\/www.transgenderthailand.com\/de\/wp-json\/wp\/v2\/media\/6218"}],"wp:attachment":[{"href":"https:\/\/www.transgenderthailand.com\/de\/wp-json\/wp\/v2\/media?parent=10172"}],"curies":[{"name":"wp","href":"https:\/\/api.w.org\/{rel}","templated":true}]}}