{"id":10184,"date":"2022-05-23T13:58:49","date_gmt":"2022-05-23T13:58:49","guid":{"rendered":"https:\/\/www.transgenderthailand.com\/gemeinsame-anliegen\/"},"modified":"2022-11-29T06:31:20","modified_gmt":"2022-11-29T06:31:20","slug":"common-concerns","status":"publish","type":"page","link":"https:\/\/www.transgenderthailand.com\/de\/common-concerns\/","title":{"rendered":"Gemeinsame Anliegen"},"content":{"rendered":"\n<h2 class=\"wp-block-heading\">H\u00e4ufige Bedenken hinsichtlich Geschlechtsbest\u00e4tigung oder geschlechtsangleichender Chirurgie<\/h2>\n\n<figure class=\"wp-block-image size-800-cropped-thumb\"><img decoding=\"async\" width=\"2048\" height=\"760\" src=\"https:\/\/www.transgenderthailand.com\/wp-content\/uploads\/2022\/06\/pexels-cottonbro-6551770-edited-2048x760.jpeg\" alt=\"\" class=\"wp-image-4235\" title=\"\"><\/figure>\n\n<p>Geschlechtsbest\u00e4tigung oder Geschlechtsbest\u00e4tigungsoperationen beziehen sich auf eine Vielzahl von Verfahren, die Patienten beim \u00dcbergang zu ihrem selbst identifizierten Geschlecht helfen. Diese Verfahren k\u00f6nnen Gesichtschirurgie, Top-Chirurgie oder Bottom-Chirurgie umfassen.<\/p>\n\n<h2 class=\"wp-block-heading\"><strong>Was ist eine geschlechtsangleichende Operation und warum wird sie durchgef\u00fchrt? Individuelle Betreuung<\/strong><\/h2>\n\n<p>Geschlechtsangleichende Chirurgie bezieht sich auf eine Reihe von Verfahren, die Menschen beim \u00dcbergang zu ihrer Geschlechtsidentit\u00e4t helfen. Zu diesen Verfahren geh\u00f6ren \u00c4nderungen am physischen K\u00f6rper einer Person, damit er ihrem selbst identifizierten Geschlecht entspricht.  <br\/>Menschen, die sich f\u00fcr eine geschlechtsangleichende Operation oder eine geschlechtsangleichende Operation entscheiden, leiden an Geschlechtsdysphorie.<\/p>\n\n<h2 class=\"wp-block-heading\"><strong>Was ist Gender-Dysphorie?<\/strong><\/h2>\n\n<p>Gender-Dysphorie bezieht sich auf ein Gef\u00fchl des Unbehagens, das eine Person aufgrund der Inkongruenz des biologischen Geschlechts oder des bei der Geburt zugewiesenen Geschlechts mit dem Geschlecht, mit dem sich die Person identifiziert, erfahren kann.<br\/>Viele Menschen mit Gender-Dysphorie haben auch den starken Wunsch, ihre &#8222;wahre Natur&#8220; zu leben, was bedeutet, dass sie ihr Aussehen und Verhalten \u00e4ndern, um ein Leben zu f\u00fchren, das ihrer Geschlechtsidentit\u00e4t entspricht. W\u00e4hrend Gender-Dysphorie nicht als psychische Erkrankung angesehen wird, k\u00f6nnen manche Menschen aus diesem Grund psychische Probleme entwickeln.<\/p>\n\n<h2 class=\"wp-block-heading\"><strong>Was ist der Unterschied zwischen Transgender und nicht-bin\u00e4r?<\/strong><\/h2>\n\n<p>Der Begriff &#8222;Transgender&#8220; beschreibt Menschen, deren Geschlechtsidentit\u00e4t sich von ihrem biologischen Geschlecht unterscheidet. Menschen, die sich als &#8222;nicht-bin\u00e4r&#8220; identifizieren, sind diejenigen, deren Geschlechtsidentit\u00e4t nicht in traditionelle weibliche und m\u00e4nnliche Kategorien passt.<\/p>\n","protected":false},"excerpt":{"rendered":"<p>H\u00e4ufige Bedenken hinsichtlich Geschlechtsbest\u00e4tigung oder geschlechtsangleichender Chirurgie Geschlechtsbest\u00e4tigung oder Geschlechtsbest\u00e4tigungsoperationen beziehen sich auf eine Vielzahl von Verfahren, die Patienten beim \u00dcbergang zu ihrem selbst identifizierten Geschlecht helfen. Diese Verfahren k\u00f6nnen Gesichtschirurgie, Top-Chirurgie oder Bottom-Chirurgie umfassen. Was ist eine geschlechtsangleichende Operation und warum wird sie durchgef\u00fchrt? Individuelle Betreuung Geschlechtsangleichende Chirurgie bezieht sich auf eine Reihe von [&hellip;]<\/p>\n","protected":false},"author":1,"featured_media":6224,"parent":0,"menu_order":0,"comment_status":"closed","ping_status":"closed","template":"page.php","meta":{"footnotes":""},"class_list":["post-10184","page","type-page","status-publish","has-post-thumbnail","hentry"],"acf":[],"_links":{"self":[{"href":"https:\/\/www.transgenderthailand.com\/de\/wp-json\/wp\/v2\/pages\/10184","targetHints":{"allow":["GET"]}}],"collection":[{"href":"https:\/\/www.transgenderthailand.com\/de\/wp-json\/wp\/v2\/pages"}],"about":[{"href":"https:\/\/www.transgenderthailand.com\/de\/wp-json\/wp\/v2\/types\/page"}],"author":[{"embeddable":true,"href":"https:\/\/www.transgenderthailand.com\/de\/wp-json\/wp\/v2\/users\/1"}],"replies":[{"embeddable":true,"href":"https:\/\/www.transgenderthailand.com\/de\/wp-json\/wp\/v2\/comments?post=10184"}],"version-history":[{"count":0,"href":"https:\/\/www.transgenderthailand.com\/de\/wp-json\/wp\/v2\/pages\/10184\/revisions"}],"wp:featuredmedia":[{"embeddable":true,"href":"https:\/\/www.transgenderthailand.com\/de\/wp-json\/wp\/v2\/media\/6224"}],"wp:attachment":[{"href":"https:\/\/www.transgenderthailand.com\/de\/wp-json\/wp\/v2\/media?parent=10184"}],"curies":[{"name":"wp","href":"https:\/\/api.w.org\/{rel}","templated":true}]}}