{"id":10185,"date":"2022-05-23T13:58:36","date_gmt":"2022-05-23T13:58:36","guid":{"rendered":"https:\/\/www.transgenderthailand.com\/uber\/"},"modified":"2026-02-17T08:41:04","modified_gmt":"2026-02-17T08:41:04","slug":"about-us","status":"publish","type":"page","link":"https:\/\/www.transgenderthailand.com\/de\/about-us\/","title":{"rendered":"\u00dcber"},"content":{"rendered":"\n<h2 class=\"wp-block-heading\"><strong>\u00dcber uns<\/strong><\/h2>\n\n\n\n<figure class=\"wp-block-image size-full\"><img decoding=\"async\" width=\"719\" height=\"305\" src=\"https:\/\/www.transgenderthailand.com\/wp-content\/uploads\/2022\/06\/610b97d05248df69c1839053_K-wellness_190416_0007-1-edited-e1655261026812.jpg\" alt=\"wellness center\" class=\"wp-image-4182\" title=\"\" srcset=\"https:\/\/www.transgenderthailand.com\/wp-content\/uploads\/2022\/06\/610b97d05248df69c1839053_K-wellness_190416_0007-1-edited-e1655261026812.jpg 719w, https:\/\/www.transgenderthailand.com\/wp-content\/uploads\/2022\/06\/610b97d05248df69c1839053_K-wellness_190416_0007-1-edited-e1655261026812-300x127.jpg 300w, https:\/\/www.transgenderthailand.com\/wp-content\/uploads\/2022\/06\/610b97d05248df69c1839053_K-wellness_190416_0007-1-edited-e1655261026812-18x8.jpg 18w\" sizes=\"(max-width: 719px) 100vw, 719px\" \/><\/figure>\n\n\n\n<p>Transgender Thailand hat sich mit mehreren Krankenh\u00e4usern zusammengetan, um jedem sichere und effektive Transgender- und geschlechtsunkonforme Operationen zu erm\u00f6glichen. Unsere Partner bieten eine sichere und einladende Umgebung f\u00fcr Menschen, die ihren \u00dcbergang abschlie\u00dfen m\u00f6chten.  <br>\u200d<br><strong>Unsere Partnerkrankenh\u00e4user bieten auch umfassende Transgender-Gesundheitsdienstleistungen an, darunter:<\/strong><br>\u200d<\/p>\n\n\n\n<p>&#8211; Psychiater Gender Dysphoria Bewertung  <br>&#8211; Routinem\u00e4\u00dfige Grundversorgung f\u00fcr Transgender-Patienten  <br>&#8211; Leiten Sie Patienten an geschlechtsspezifische Chirurgen f\u00fcr eine optimale Hormontherapie und andere Dienstleistungen<br>&#8211; Transgender-Fortpflanzungsm\u00f6glichkeiten<br>&#8211; Chirurgische Verfahren zur Geschlechtsbest\u00e4tigung<br>\u200d<br>Transgender Thailand und unsere Partnerkrankenh\u00e4user bieten Patienten Zugang zu einer Vielzahl von Geschlechtsumwandlungsoperationen, einschlie\u00dflich der Genitalrekonstruktion von Mann zu Frau (MTF) und von Frau zu Mann (FTM) sowie Brustvergr\u00f6\u00dferung oder -verkleinerung.  <br>\u200d<br>Nach jedem Geschlechtsumwandlungsverfahren erhalten unsere Patienten eine kontinuierliche Versorgung, um eine reibungslose Genesung zu gew\u00e4hrleisten. Patienten m\u00fcssen 18 Jahre alt sein, um sich einer Geschlechtsumwandlung unterziehen zu k\u00f6nnen.  <\/p>\n\n\n\n<p><\/p>\n\n\n\n<p><\/p>\n\n\n\n<h2 class=\"wp-block-heading\"><strong>Individuelle Betreuung<\/strong><\/h2>\n\n\n\n<p>Unsere Mitarbeiter und Chirurgen bieten jedem Patienten individuelle Unterst\u00fctzung vor, w\u00e4hrend und nach jedem Eingriff. Dies liegt daran, dass wir die Reise verstehen, die jeder Mensch unternimmt, um sein pers\u00f6nliches Ziel zu erreichen.  <br>\u200d<br>Wir stellen sicher, dass sich jeder Patient psychisch bereit f\u00fchlt, sich einer Operation zu unterziehen, und sich nach jedem Eingriff vollst\u00e4ndig und geschlechtsvollst\u00e4ndig f\u00fchlt.  <br>\u200d<br>Vereinbaren Sie einen Termin mit einem unserer Teammitglieder, um Unterst\u00fctzung auf Ihrer einzigartigen Reise zum Leben Ihrer Wahrheit zu erhalten.<\/p>\n\n\n\n<p><\/p>\n\n\n\n<p><\/p>\n","protected":false},"excerpt":{"rendered":"<p>\u00dcber uns Transgender Thailand hat sich mit mehreren Krankenh\u00e4usern zusammengetan, um jedem sichere und effektive Transgender- und geschlechtsunkonforme Operationen zu erm\u00f6glichen. Unsere Partner bieten eine sichere und einladende Umgebung f\u00fcr Menschen, die ihren \u00dcbergang abschlie\u00dfen m\u00f6chten. \u200dUnsere Partnerkrankenh\u00e4user bieten auch umfassende Transgender-Gesundheitsdienstleistungen an, darunter:\u200d &#8211; Psychiater Gender Dysphoria Bewertung &#8211; Routinem\u00e4\u00dfige Grundversorgung f\u00fcr Transgender-Patienten &#8211; [&hellip;]<\/p>\n","protected":false},"author":1,"featured_media":6224,"parent":0,"menu_order":0,"comment_status":"closed","ping_status":"closed","template":"page.php","meta":{"footnotes":""},"class_list":["post-10185","page","type-page","status-publish","has-post-thumbnail","hentry"],"acf":[],"_links":{"self":[{"href":"https:\/\/www.transgenderthailand.com\/de\/wp-json\/wp\/v2\/pages\/10185","targetHints":{"allow":["GET"]}}],"collection":[{"href":"https:\/\/www.transgenderthailand.com\/de\/wp-json\/wp\/v2\/pages"}],"about":[{"href":"https:\/\/www.transgenderthailand.com\/de\/wp-json\/wp\/v2\/types\/page"}],"author":[{"embeddable":true,"href":"https:\/\/www.transgenderthailand.com\/de\/wp-json\/wp\/v2\/users\/1"}],"replies":[{"embeddable":true,"href":"https:\/\/www.transgenderthailand.com\/de\/wp-json\/wp\/v2\/comments?post=10185"}],"version-history":[{"count":1,"href":"https:\/\/www.transgenderthailand.com\/de\/wp-json\/wp\/v2\/pages\/10185\/revisions"}],"predecessor-version":[{"id":206286,"href":"https:\/\/www.transgenderthailand.com\/de\/wp-json\/wp\/v2\/pages\/10185\/revisions\/206286"}],"wp:featuredmedia":[{"embeddable":true,"href":"https:\/\/www.transgenderthailand.com\/de\/wp-json\/wp\/v2\/media\/6224"}],"wp:attachment":[{"href":"https:\/\/www.transgenderthailand.com\/de\/wp-json\/wp\/v2\/media?parent=10185"}],"curies":[{"name":"wp","href":"https:\/\/api.w.org\/{rel}","templated":true}]}}