{"id":10130,"date":"2022-05-23T13:57:03","date_gmt":"2022-05-23T13:57:03","guid":{"rendered":"https:\/\/www.transgenderthailand.com\/testimonios\/"},"modified":"2026-02-17T08:30:10","modified_gmt":"2026-02-17T08:30:10","slug":"testimonials","status":"publish","type":"page","link":"https:\/\/www.transgenderthailand.com\/es\/testimonials\/","title":{"rendered":"Testimonios"},"content":{"rendered":"\n<h2 class=\"wp-block-heading\"><strong>Korie de Am\u00e9rica<\/strong><\/h2>\n\n\n\n<figure class=\"wp-block-image size-full is-resized hover-testimonial\"><img decoding=\"async\" width=\"906\" height=\"558\" src=\"https:\/\/www.transgenderthailand.com\/wp-content\/uploads\/2022\/06\/unnamed.png\" alt=\"mensaje\" class=\"wp-image-3906\" style=\"width:295px;height:180px\" title=\"\" srcset=\"https:\/\/www.transgenderthailand.com\/wp-content\/uploads\/2022\/06\/unnamed.png 906w, https:\/\/www.transgenderthailand.com\/wp-content\/uploads\/2022\/06\/unnamed-300x185.png 300w, https:\/\/www.transgenderthailand.com\/wp-content\/uploads\/2022\/06\/unnamed-768x473.png 768w, https:\/\/www.transgenderthailand.com\/wp-content\/uploads\/2022\/06\/unnamed-18x12.png 18w\" sizes=\"(max-width: 906px) 100vw, 906px\" \/><\/figure>\n\n\n\n<p>Me gustar\u00eda tomarme un tiempo para destacar mi estancia y los servicios que recib\u00ed cuando estuve en Tailandia. Mi enlace fue muy dedicado y persistente para ayudarme a llegar al hospital y su compromiso de llevarme al pa\u00eds y ayudarme con los servicios mientras estaba all\u00ed fue notable.<\/p>\n\n\n\n<p>Transgender Thailand fue muy c\u00e1lida y acogedora, reconfortante y muy segura de que podr\u00eda obtener el procedimiento que necesitaba y que el hospital me cuidar\u00eda. Mi enlace fue muy diligente y profesional, nunca la olvidar\u00e9 y su compromiso y servicio hacia m\u00ed como paciente y como persona con mi m\u00e1s sincera gratitud y agradecimiento.<\/p>\n\n\n\n<h2 class=\"wp-block-heading\"><strong>Joya de Am\u00e9rica\/Filipinas<\/strong><\/h2>\n\n\n\n<figure class=\"wp-block-image size-full is-resized hover-testimonial\"><img decoding=\"async\" width=\"906\" height=\"558\" src=\"https:\/\/www.transgenderthailand.com\/wp-content\/uploads\/2022\/06\/unnamed.png\" alt=\"mensaje\" class=\"wp-image-3906\" style=\"width:295px;height:270px\" title=\"\" srcset=\"https:\/\/www.transgenderthailand.com\/wp-content\/uploads\/2022\/06\/unnamed.png 906w, https:\/\/www.transgenderthailand.com\/wp-content\/uploads\/2022\/06\/unnamed-300x185.png 300w, https:\/\/www.transgenderthailand.com\/wp-content\/uploads\/2022\/06\/unnamed-768x473.png 768w, https:\/\/www.transgenderthailand.com\/wp-content\/uploads\/2022\/06\/unnamed-18x12.png 18w\" sizes=\"(max-width: 906px) 100vw, 906px\" \/><\/figure>\n\n\n\n<p>\u00a1Solo quiero agradecer a mi mejor agente en Transgender Thailand! Estoy tan emocionado en mi viaje, \u00a1viaj\u00e9 de Estados Unidos a Tailandia solo! \u00a1Estoy perdido, emocionado y nervioso! Busco antes de hacer una cita para mi cirug\u00eda, \u00a1pero a\u00fan as\u00ed no entend\u00ed la mayor parte! Mi enlace me fue presentado cuando estoy en el hospital despu\u00e9s de conocerla, \u00a1todo va tan bien! \u00a1Ella responde a todas mis preguntas y me ayuda en todo lo que debo saber!<\/p>\n\n\n\n<p>\u00a1Incluso despu\u00e9s de la cirug\u00eda y cuando regrese a Estados Unidos! Si tengo alguna pregunta e inquietud, \u00a1ella me responder\u00e1 tan pronto como pueda! \u00a1No puedo agradecerle lo suficiente por su ayuda! \u00a1Le dar\u00e9 una calificaci\u00f3n del 100% por todo lo que me hizo en este viaje! Estoy satisfecho con el resultado de mi cirug\u00eda y c\u00f3mo Transgender Thailand me ha cuidado cuando estoy en Tailandia. \u00a1Espero que ayudes a m\u00e1s personas a tener su sue\u00f1o hecho realidad como yo!<\/p>\n\n\n\n<h2 class=\"wp-block-heading\"><strong>Lauren de Israel<\/strong><\/h2>\n\n\n\n<p>Quer\u00eda agradecerle por todo el apoyo que recibi\u00f3 Tailandia durante la pandemia y usted fue el \u00fanico que me cuid\u00f3 el d\u00eda por la noche vino a visitarme cuando estaba luchando me trajo comidas navide\u00f1as tres veces con no preguntar durante los meses que fue muy amable por ayudar a la hermana madre aunque cuando tuve que hablar con la persona que estabas all\u00ed tengo que decir gracias. Tanto por todo su apoyo, incluso ahora, meses despu\u00e9s de la cirug\u00eda, est\u00e1 respondiendo, est\u00e1 hablando que est\u00e1 preguntando y ni siquiera es una pregunta para usted. Una vez m\u00e1s, muchas gracias por todo lo que est\u00e1s haciendo y lo que has hecho por m\u00ed te amo tanto<\/p>\n\n\n\n<h2 class=\"wp-block-heading\"><strong>Alessandra de Roma<\/strong><\/h2>\n\n\n\n<figure class=\"wp-block-image size-full is-resized hover-testimonial\"><img decoding=\"async\" width=\"890\" height=\"816\" src=\"https:\/\/www.transgenderthailand.com\/wp-content\/uploads\/2022\/06\/alexandra.png\" alt=\"mensaje\" class=\"wp-image-3916\" style=\"width:295px;height:180px\" title=\"\" srcset=\"https:\/\/www.transgenderthailand.com\/wp-content\/uploads\/2022\/06\/alexandra.png 890w, https:\/\/www.transgenderthailand.com\/wp-content\/uploads\/2022\/06\/alexandra-300x275.png 300w, https:\/\/www.transgenderthailand.com\/wp-content\/uploads\/2022\/06\/alexandra-768x704.png 768w, https:\/\/www.transgenderthailand.com\/wp-content\/uploads\/2022\/06\/alexandra-13x12.png 13w\" sizes=\"(max-width: 890px) 100vw, 890px\" \/><\/figure>\n\n\n\n<p>Era mi sue\u00f1o venir a Tailandia y realizar mi vaginoplastia secundaria con el Doctor Kamol, pero mi ingl\u00e9s y el miedo a ir all\u00ed solo hicieron que esto siguiera siendo un sue\u00f1o. Hasta que conoc\u00ed a Vanessa, que era un verdadero \u00e1ngel. Vanessa ha estado a mi lado durante todo el per\u00edodo. Ella organiz\u00f3 todo para m\u00ed, desde la visa para mi estad\u00eda en Bangkok hasta el procedimiento quir\u00fargico en el hospital. Como si encontrara una hermana, gracias a ella me sent\u00ed como en casa. A menudo ven\u00eda a visitarme y me ayudaba con cualquier cosa que necesitara. Vanessa y el Dr. Kamol hicieron realidad mi sue\u00f1o, pas\u00e9 por mi t\u00e9cnica de vaginoplastia PPV en la que eran el \u00fanico lugar en el mundo que brindaba esta t\u00e9cnica especial y todo sali\u00f3 bien. Nunca olvidar\u00e9 esta experiencia y todo el amor que recib\u00ed del personal. Sin ellos, esto no habr\u00eda sido posible.<\/p>\n","protected":false},"excerpt":{"rendered":"<p>Korie de Am\u00e9rica Me gustar\u00eda tomarme un tiempo para destacar mi estancia y los servicios que recib\u00ed cuando estuve en Tailandia. Mi enlace fue muy dedicado y persistente para ayudarme a llegar al hospital y su compromiso de llevarme al pa\u00eds y ayudarme con los servicios mientras estaba all\u00ed fue notable. Transgender Thailand fue muy [&hellip;]<\/p>\n","protected":false},"author":1,"featured_media":6221,"parent":0,"menu_order":0,"comment_status":"closed","ping_status":"closed","template":"page.php","meta":{"footnotes":""},"class_list":["post-10130","page","type-page","status-publish","has-post-thumbnail","hentry"],"acf":[],"_links":{"self":[{"href":"https:\/\/www.transgenderthailand.com\/es\/wp-json\/wp\/v2\/pages\/10130","targetHints":{"allow":["GET"]}}],"collection":[{"href":"https:\/\/www.transgenderthailand.com\/es\/wp-json\/wp\/v2\/pages"}],"about":[{"href":"https:\/\/www.transgenderthailand.com\/es\/wp-json\/wp\/v2\/types\/page"}],"author":[{"embeddable":true,"href":"https:\/\/www.transgenderthailand.com\/es\/wp-json\/wp\/v2\/users\/1"}],"replies":[{"embeddable":true,"href":"https:\/\/www.transgenderthailand.com\/es\/wp-json\/wp\/v2\/comments?post=10130"}],"version-history":[{"count":1,"href":"https:\/\/www.transgenderthailand.com\/es\/wp-json\/wp\/v2\/pages\/10130\/revisions"}],"predecessor-version":[{"id":206280,"href":"https:\/\/www.transgenderthailand.com\/es\/wp-json\/wp\/v2\/pages\/10130\/revisions\/206280"}],"wp:featuredmedia":[{"embeddable":true,"href":"https:\/\/www.transgenderthailand.com\/es\/wp-json\/wp\/v2\/media\/6221"}],"wp:attachment":[{"href":"https:\/\/www.transgenderthailand.com\/es\/wp-json\/wp\/v2\/media?parent=10130"}],"curies":[{"name":"wp","href":"https:\/\/api.w.org\/{rel}","templated":true}]}}