{"id":10146,"date":"2022-05-23T13:58:36","date_gmt":"2022-05-23T13:58:36","guid":{"rendered":"https:\/\/www.transgenderthailand.com\/acerca-de\/"},"modified":"2026-02-17T09:39:41","modified_gmt":"2026-02-17T09:39:41","slug":"about-us","status":"publish","type":"page","link":"https:\/\/www.transgenderthailand.com\/es\/about-us\/","title":{"rendered":"Acerca de"},"content":{"rendered":"\n<h2 class=\"wp-block-heading\"><strong>Sobre nosotros<\/strong><\/h2>\n\n\n\n<figure class=\"wp-block-image size-full\"><img decoding=\"async\" width=\"719\" height=\"305\" src=\"https:\/\/www.transgenderthailand.com\/wp-content\/uploads\/2022\/06\/610b97d05248df69c1839053_K-wellness_190416_0007-1-edited-e1655261026812.jpg\" alt=\"wellness center\" class=\"wp-image-4182\" title=\"\" srcset=\"https:\/\/www.transgenderthailand.com\/wp-content\/uploads\/2022\/06\/610b97d05248df69c1839053_K-wellness_190416_0007-1-edited-e1655261026812.jpg 719w, https:\/\/www.transgenderthailand.com\/wp-content\/uploads\/2022\/06\/610b97d05248df69c1839053_K-wellness_190416_0007-1-edited-e1655261026812-300x127.jpg 300w, https:\/\/www.transgenderthailand.com\/wp-content\/uploads\/2022\/06\/610b97d05248df69c1839053_K-wellness_190416_0007-1-edited-e1655261026812-18x8.jpg 18w\" sizes=\"(max-width: 719px) 100vw, 719px\" \/><\/figure>\n\n\n\n<p>Transgender Thailand se ha asociado con varios hospitales con el objetivo de brindar a todos cirug\u00edas transg\u00e9nero y no conformes con el g\u00e9nero seguras y efectivas. Nuestros socios ofrecen un entorno seguro y acogedor para las personas que esperan completar su transici\u00f3n.  <br>\u200d<br><strong>Nuestros hospitales asociados tambi\u00e9n ofrecen servicios integrales de salud para personas transg\u00e9nero, que incluyen:<\/strong><br>\u200d<\/p>\n\n\n\n<p>&#8211; Evaluaci\u00f3n de la disforia de g\u00e9nero del psiquiatra  <br>&#8211; Servicios de atenci\u00f3n primaria de rutina para pacientes transg\u00e9nero  <br>&#8211; Dirigir a los pacientes a cirujanos relacionados con el g\u00e9nero para una terapia hormonal \u00f3ptima y otros servicios<br>&#8211; Opciones reproductivas transg\u00e9nero<br>&#8211; Procedimientos quir\u00fargicos de afirmaci\u00f3n de g\u00e9nero<br>\u200d<br>Transgender Thailand y nuestros hospitales asociados brindan a los pacientes acceso a una amplia variedad de cirug\u00edas de transici\u00f3n de g\u00e9nero, incluida la reconstrucci\u00f3n genital de hombre a mujer (MTF) y de mujer a hombre (FTM) y el aumento o reducci\u00f3n de senos.  <br>\u200d<br>Despu\u00e9s de cada procedimiento de transici\u00f3n de g\u00e9nero, a nuestros pacientes se les otorga continuidad de la atenci\u00f3n para garantizar una recuperaci\u00f3n sin problemas. Los pacientes deben tener 18 a\u00f1os para que se les permita someterse a procedimientos de transici\u00f3n de g\u00e9nero.  <\/p>\n\n\n\n<p><\/p>\n\n\n\n<p><\/p>\n\n\n\n<h2 class=\"wp-block-heading\"><strong>Atenci\u00f3n individualizada<\/strong><\/h2>\n\n\n\n<p>Los miembros de nuestro personal y cirujanos ofrecen a cada paciente apoyo individualizado antes, durante y despu\u00e9s de cada procedimiento. Esto se debe a que entendemos el viaje que cada persona toma para lograr su objetivo personal.  <br>\u200d<br>Nos aseguramos de que cada paciente se sienta psicol\u00f3gicamente listo para someterse a cirug\u00edas, as\u00ed como para sentirse completo y completo despu\u00e9s de cada procedimiento.  <br>\u200d<br>Programe una cita con uno de los miembros de nuestro equipo para que lo ayude en su viaje \u00fanico hacia la vida de su verdad.<\/p>\n\n\n\n<p><\/p>\n\n\n\n<p><\/p>\n","protected":false},"excerpt":{"rendered":"<p>Sobre nosotros Transgender Thailand se ha asociado con varios hospitales con el objetivo de brindar a todos cirug\u00edas transg\u00e9nero y no conformes con el g\u00e9nero seguras y efectivas. Nuestros socios ofrecen un entorno seguro y acogedor para las personas que esperan completar su transici\u00f3n. \u200dNuestros hospitales asociados tambi\u00e9n ofrecen servicios integrales de salud para personas [&hellip;]<\/p>\n","protected":false},"author":1,"featured_media":6227,"parent":0,"menu_order":0,"comment_status":"closed","ping_status":"closed","template":"page.php","meta":{"footnotes":""},"class_list":["post-10146","page","type-page","status-publish","has-post-thumbnail","hentry"],"acf":[],"_links":{"self":[{"href":"https:\/\/www.transgenderthailand.com\/es\/wp-json\/wp\/v2\/pages\/10146","targetHints":{"allow":["GET"]}}],"collection":[{"href":"https:\/\/www.transgenderthailand.com\/es\/wp-json\/wp\/v2\/pages"}],"about":[{"href":"https:\/\/www.transgenderthailand.com\/es\/wp-json\/wp\/v2\/types\/page"}],"author":[{"embeddable":true,"href":"https:\/\/www.transgenderthailand.com\/es\/wp-json\/wp\/v2\/users\/1"}],"replies":[{"embeddable":true,"href":"https:\/\/www.transgenderthailand.com\/es\/wp-json\/wp\/v2\/comments?post=10146"}],"version-history":[{"count":1,"href":"https:\/\/www.transgenderthailand.com\/es\/wp-json\/wp\/v2\/pages\/10146\/revisions"}],"predecessor-version":[{"id":206291,"href":"https:\/\/www.transgenderthailand.com\/es\/wp-json\/wp\/v2\/pages\/10146\/revisions\/206291"}],"wp:featuredmedia":[{"embeddable":true,"href":"https:\/\/www.transgenderthailand.com\/es\/wp-json\/wp\/v2\/media\/6227"}],"wp:attachment":[{"href":"https:\/\/www.transgenderthailand.com\/es\/wp-json\/wp\/v2\/media?parent=10146"}],"curies":[{"name":"wp","href":"https:\/\/api.w.org\/{rel}","templated":true}]}}