{"id":10148,"date":"2022-05-23T13:58:49","date_gmt":"2022-05-23T13:58:49","guid":{"rendered":"https:\/\/www.transgenderthailand.com\/preocupaciones-comunes\/"},"modified":"2022-11-29T06:32:04","modified_gmt":"2022-11-29T06:32:04","slug":"common-concerns","status":"publish","type":"page","link":"https:\/\/www.transgenderthailand.com\/es\/common-concerns\/","title":{"rendered":"Preocupaciones comunes"},"content":{"rendered":"\n<h2 class=\"wp-block-heading\">Preocupaciones comunes sobre la afirmaci\u00f3n de g\u00e9nero o la cirug\u00eda de reasignaci\u00f3n de sexo<\/h2>\n\n<figure class=\"wp-block-image size-800-cropped-thumb\"><img decoding=\"async\" width=\"2048\" height=\"760\" src=\"https:\/\/www.transgenderthailand.com\/wp-content\/uploads\/2022\/06\/pexels-cottonbro-6551770-edited-2048x760.jpeg\" alt=\"\" class=\"wp-image-4235\" title=\"\"><\/figure>\n\n<p>Las cirug\u00edas de afirmaci\u00f3n de g\u00e9nero o confirmaci\u00f3n de g\u00e9nero se refieren a una variedad de procedimientos que ayudan a los pacientes a hacer la transici\u00f3n a su g\u00e9nero autoidentificado. Estos procedimientos pueden incluir cirug\u00eda facial, cirug\u00eda superior o cirug\u00eda inferior.<\/p>\n\n<h2 class=\"wp-block-heading\"><strong>\u00bfQu\u00e9 es la cirug\u00eda de reasignaci\u00f3n de sexo y por qu\u00e9 se realiza? Atenci\u00f3n individualizada<\/strong><\/h2>\n\n<p>La cirug\u00eda de reasignaci\u00f3n de sexo se refiere a una serie de procedimientos que ayudan a las personas a hacer la transici\u00f3n a su identidad de g\u00e9nero. Estos procedimientos incluyen hacer cambios en el cuerpo f\u00edsico de una persona para que coincida con su g\u00e9nero autoidentificado.  <br\/>Las personas que eligen someterse a una cirug\u00eda de reasignaci\u00f3n de sexo o cirug\u00eda de afirmaci\u00f3n de g\u00e9nero sufren de disforia de g\u00e9nero.<\/p>\n\n<h2 class=\"wp-block-heading\"><strong>\u00bfQu\u00e9 es la disforia de g\u00e9nero?<\/strong><\/h2>\n\n<p>La disforia de g\u00e9nero se refiere a una sensaci\u00f3n de malestar que una persona puede experimentar debido a la incongruencia del sexo biol\u00f3gico, o el sexo asignado al nacer, al g\u00e9nero con el que la persona se identifica.<br\/>Muchas personas con disforia de g\u00e9nero tambi\u00e9n tienen un fuerte deseo de vivir su \u00abverdadera naturaleza\u00bb, lo que significa cambiar la forma en que se ven y se comportan para vivir una vida que coincida con su identidad de g\u00e9nero. Si bien la disforia de g\u00e9nero no se considera una enfermedad mental, algunas personas pueden desarrollar problemas de salud mental debido a esto.<\/p>\n\n<h2 class=\"wp-block-heading\"><strong>\u00bfCu\u00e1l es la diferencia entre transg\u00e9nero y no binario?<\/strong><\/h2>\n\n<p>El t\u00e9rmino \u00abtransg\u00e9nero\u00bb describe a las personas cuya identidad de g\u00e9nero es diferente a su sexo biol\u00f3gico. Las personas que se identifican como \u00abno binarias\u00bb son aquellas cuya identidad de g\u00e9nero no encaja dentro de las categor\u00edas tradicionales femeninas y masculinas.<\/p>\n","protected":false},"excerpt":{"rendered":"<p>Preocupaciones comunes sobre la afirmaci\u00f3n de g\u00e9nero o la cirug\u00eda de reasignaci\u00f3n de sexo Las cirug\u00edas de afirmaci\u00f3n de g\u00e9nero o confirmaci\u00f3n de g\u00e9nero se refieren a una variedad de procedimientos que ayudan a los pacientes a hacer la transici\u00f3n a su g\u00e9nero autoidentificado. Estos procedimientos pueden incluir cirug\u00eda facial, cirug\u00eda superior o cirug\u00eda inferior. [&hellip;]<\/p>\n","protected":false},"author":1,"featured_media":6227,"parent":0,"menu_order":0,"comment_status":"closed","ping_status":"closed","template":"page.php","meta":{"footnotes":""},"class_list":["post-10148","page","type-page","status-publish","has-post-thumbnail","hentry"],"acf":[],"_links":{"self":[{"href":"https:\/\/www.transgenderthailand.com\/es\/wp-json\/wp\/v2\/pages\/10148","targetHints":{"allow":["GET"]}}],"collection":[{"href":"https:\/\/www.transgenderthailand.com\/es\/wp-json\/wp\/v2\/pages"}],"about":[{"href":"https:\/\/www.transgenderthailand.com\/es\/wp-json\/wp\/v2\/types\/page"}],"author":[{"embeddable":true,"href":"https:\/\/www.transgenderthailand.com\/es\/wp-json\/wp\/v2\/users\/1"}],"replies":[{"embeddable":true,"href":"https:\/\/www.transgenderthailand.com\/es\/wp-json\/wp\/v2\/comments?post=10148"}],"version-history":[{"count":0,"href":"https:\/\/www.transgenderthailand.com\/es\/wp-json\/wp\/v2\/pages\/10148\/revisions"}],"wp:featuredmedia":[{"embeddable":true,"href":"https:\/\/www.transgenderthailand.com\/es\/wp-json\/wp\/v2\/media\/6227"}],"wp:attachment":[{"href":"https:\/\/www.transgenderthailand.com\/es\/wp-json\/wp\/v2\/media?parent=10148"}],"curies":[{"name":"wp","href":"https:\/\/api.w.org\/{rel}","templated":true}]}}