{"id":10149,"date":"2022-05-23T13:57:03","date_gmt":"2022-05-23T13:57:03","guid":{"rendered":"https:\/\/www.transgenderthailand.com\/temoignages\/"},"modified":"2022-11-29T06:31:11","modified_gmt":"2022-11-29T06:31:11","slug":"testimonials","status":"publish","type":"page","link":"https:\/\/www.transgenderthailand.com\/fr\/testimonials\/","title":{"rendered":"T\u00e9moignages"},"content":{"rendered":"\n<h2 class=\"wp-block-heading\"><strong>Korie, Am\u00e9rique<\/strong><\/h2>\n\n<figure class=\"wp-block-image size-full is-resized hover-testimonial\"><img decoding=\"async\" src=\"https:\/\/www.transgenderthailand.com\/wp-content\/uploads\/2022\/06\/unnamed.png\" alt=\"\" class=\"wp-image-3906\" width=\"295\" height=\"180\" title=\"\"><\/figure>\n\n<p>J\u2019aimerais prendre le temps de mettre en valeur mon s\u00e9jour et les services que j\u2019ai re\u00e7us lorsque j\u2019\u00e9tais en Tha\u00eflande. Mon agent de liaison \u00e9tait tr\u00e8s d\u00e9vou\u00e9 et pers\u00e9v\u00e9rant pour m\u2019aider \u00e0 me rendre \u00e0 l\u2019h\u00f4pital et son engagement \u00e0 me faire entrer dans le pays et \u00e0 m\u2019aider avec des services pendant que j\u2019y \u00e9tais \u00e9tait remarquable.<\/p>\n\n<p>La Tha\u00eflande transgenre \u00e9tait tr\u00e8s chaleureuse et accueillante, r\u00e9confortante et tr\u00e8s rassurante que je pourrais subir la proc\u00e9dure dont j\u2019avais besoin et que l\u2019h\u00f4pital prendrait soin de moi. Ma liaison \u00e9tait tr\u00e8s diligente et professionnelle, je ne l\u2019oublierai jamais, ainsi que son engagement et son service envers moi en tant que patiente et en tant que personne, avec ma gratitude et mes remerciements les plus sinc\u00e8res.<\/p>\n\n<h2 class=\"wp-block-heading\"><strong>Bijou d\u2019Am\u00e9rique\/Philippines<\/strong><\/h2>\n\n<figure class=\"wp-block-image size-full is-resized hover-testimonial\"><img decoding=\"async\" src=\"https:\/\/www.transgenderthailand.com\/wp-content\/uploads\/2022\/06\/unnamed.png\" alt=\"\" class=\"wp-image-3906\" width=\"295\" height=\"270\" title=\"\"><\/figure>\n\n<p>Je veux juste remercier mon meilleur agent en Tha\u00eflande transgenre! Je suis tellement excit\u00e9 dans mon voyage, j\u2019ai voyag\u00e9 des \u00c9tats-Unis \u00e0 la Tha\u00eflande seul! Je suis perdu, excit\u00e9 et nerveux! Je fais des recherches avant de prendre rendez-vous pour ma chirurgie, mais je n\u2019ai toujours pas compris la majeure partie! Ma liaison m\u2019a \u00e9t\u00e9 pr\u00e9sent\u00e9e quand je suis \u00e0 l\u2019h\u00f4pital apr\u00e8s l\u2019avoir rencontr\u00e9e, tout se passe si bien! Elle r\u00e9pond \u00e0 toutes mes questions et m\u2019aide dans tout ce que je devrais savoir!<\/p>\n\n<p>M\u00eame apr\u00e8s l\u2019op\u00e9ration et quand je reviendrai aux \u00c9tats-Unis! Si j\u2019ai des questions et des pr\u00e9occupations, elle me r\u00e9pondra d\u00e8s qu\u2019elle le pourra! Je ne la remercierai jamais assez pour son aide! Je lui donnerai une note de 100% pour tout ce qu\u2019elle m\u2019a fait dans ce voyage! Je suis satisfaite du r\u00e9sultat de mon op\u00e9ration et de la fa\u00e7on dont Transgender Thailand a pris soin de moi quand je suis en Tha\u00eflande. J\u2019esp\u00e8re que vous aiderez plus de gens \u00e0 r\u00e9aliser leur r\u00eave comme moi!<\/p>\n\n<h2 class=\"wp-block-heading\"><strong>Lauren, Isra\u00ebl<\/strong><\/h2>\n\n<p>Je voulais dire merci pour tout le soutien venu en Tha\u00eflande pendant la pand\u00e9mie et vous \u00e9tiez le seul qui a pris soin de moi jour soir est venu me rendre visite quand j\u2019\u00e9tais en difficult\u00e9 m\u2019a apport\u00e9 des aliments de vacances trois fois sans demander pendant les mois vous avez \u00e9t\u00e9 tr\u00e8s gentil pour aider s\u0153ur m\u00e8re m\u00eame si quand j\u2019ai d\u00fb parler avec la personne que vous \u00e9tiez l\u00e0 je dois dire merci Voil\u00e0 pour tout votre soutien, m\u00eame maintenant des mois apr\u00e8s la chirurgie \u00e0 laquelle vous r\u00e9pondez, vous parlez et ce n\u2019est m\u00eame pas une question pour vous. Encore une fois, merci beaucoup pour tout ce que tu fais et tu as fait pour moi je t\u2019aime tellement<\/p>\n\n<h2 class=\"wp-block-heading\"><strong>Alessandra, Rome<\/strong><\/h2>\n\n<figure class=\"wp-block-image size-full is-resized hover-testimonial\"><img decoding=\"async\" src=\"https:\/\/www.transgenderthailand.com\/wp-content\/uploads\/2022\/06\/alexandra.png\" alt=\"\" class=\"wp-image-3916\" width=\"295\" height=\"180\" title=\"\"><\/figure>\n\n<p>C\u2019\u00e9tait mon r\u00eave de venir en Tha\u00eflande et d\u2019effectuer ma vaginoplastie secondaire avec le docteur Kamol, mais mon anglais et la peur d\u2019y aller seul ont fait que cela reste un r\u00eave. Jusqu\u2019\u00e0 ce que je rencontre Vanessa qui \u00e9tait un vrai ange. Vanessa a \u00e9t\u00e9 \u00e0 mes c\u00f4t\u00e9s tout au long de cette p\u00e9riode. Elle a tout organis\u00e9 pour moi, du visa pour mon s\u00e9jour \u00e0 Bangkok \u00e0 l\u2019intervention chirurgicale \u00e0 l\u2019h\u00f4pital. Comme si j\u2019avais trouv\u00e9 une s\u0153ur, gr\u00e2ce \u00e0 elle je me suis sentie chez moi. Elle venait souvent me rendre visite et m\u2019aidait avec tout ce dont j\u2019avais besoin. Vanessa et le Dr Kamol ont r\u00e9alis\u00e9 mon r\u00eave, j\u2019ai subi ma vaginoplastie technique PPV dans laquelle ils \u00e9taient le seul endroit au monde \u00e0 fournir cette technique sp\u00e9ciale et tout s\u2019est bien pass\u00e9. Je n\u2019oublierai jamais cette exp\u00e9rience et tout l\u2019amour que j\u2019ai re\u00e7u du personnel. Sans eux, cela n\u2019aurait pas \u00e9t\u00e9 possible.<\/p>\n","protected":false},"excerpt":{"rendered":"<p>Korie, Am\u00e9rique J\u2019aimerais prendre le temps de mettre en valeur mon s\u00e9jour et les services que j\u2019ai re\u00e7us lorsque j\u2019\u00e9tais en Tha\u00eflande. Mon agent de liaison \u00e9tait tr\u00e8s d\u00e9vou\u00e9 et pers\u00e9v\u00e9rant pour m\u2019aider \u00e0 me rendre \u00e0 l\u2019h\u00f4pital et son engagement \u00e0 me faire entrer dans le pays et \u00e0 m\u2019aider avec des services pendant [&hellip;]<\/p>\n","protected":false},"author":1,"featured_media":6217,"parent":0,"menu_order":0,"comment_status":"closed","ping_status":"closed","template":"page.php","meta":{"footnotes":""},"class_list":["post-10149","page","type-page","status-publish","has-post-thumbnail","hentry"],"acf":[],"_links":{"self":[{"href":"https:\/\/www.transgenderthailand.com\/fr\/wp-json\/wp\/v2\/pages\/10149","targetHints":{"allow":["GET"]}}],"collection":[{"href":"https:\/\/www.transgenderthailand.com\/fr\/wp-json\/wp\/v2\/pages"}],"about":[{"href":"https:\/\/www.transgenderthailand.com\/fr\/wp-json\/wp\/v2\/types\/page"}],"author":[{"embeddable":true,"href":"https:\/\/www.transgenderthailand.com\/fr\/wp-json\/wp\/v2\/users\/1"}],"replies":[{"embeddable":true,"href":"https:\/\/www.transgenderthailand.com\/fr\/wp-json\/wp\/v2\/comments?post=10149"}],"version-history":[{"count":0,"href":"https:\/\/www.transgenderthailand.com\/fr\/wp-json\/wp\/v2\/pages\/10149\/revisions"}],"wp:featuredmedia":[{"embeddable":true,"href":"https:\/\/www.transgenderthailand.com\/fr\/wp-json\/wp\/v2\/media\/6217"}],"wp:attachment":[{"href":"https:\/\/www.transgenderthailand.com\/fr\/wp-json\/wp\/v2\/media?parent=10149"}],"curies":[{"name":"wp","href":"https:\/\/api.w.org\/{rel}","templated":true}]}}