{"id":10166,"date":"2022-05-23T13:58:49","date_gmt":"2022-05-23T13:58:49","guid":{"rendered":"https:\/\/www.transgenderthailand.com\/preoccupations-communes\/"},"modified":"2022-11-29T06:31:20","modified_gmt":"2022-11-29T06:31:20","slug":"common-concerns","status":"publish","type":"page","link":"https:\/\/www.transgenderthailand.com\/fr\/common-concerns\/","title":{"rendered":"Pr\u00e9occupations communes"},"content":{"rendered":"\n<h2 class=\"wp-block-heading\">Pr\u00e9occupations courantes concernant l\u2019affirmation de genre ou la chirurgie de changement de sexe<\/h2>\n\n<figure class=\"wp-block-image size-800-cropped-thumb\"><img decoding=\"async\" width=\"2048\" height=\"760\" src=\"https:\/\/www.transgenderthailand.com\/wp-content\/uploads\/2022\/06\/pexels-cottonbro-6551770-edited-2048x760.jpeg\" alt=\"\" class=\"wp-image-4235\" title=\"\"><\/figure>\n\n<p>Les chirurgies d\u2019affirmation de genre ou de confirmation de genre font r\u00e9f\u00e9rence \u00e0 une vari\u00e9t\u00e9 de proc\u00e9dures qui aident les patients \u00e0 faire la transition vers leur genre auto-identifi\u00e9. Ces proc\u00e9dures peuvent inclure la chirurgie faciale, la chirurgie du haut ou la chirurgie du bas.<\/p>\n\n<h2 class=\"wp-block-heading\"><strong>Qu\u2019est-ce que la chirurgie de changement de sexe et pourquoi y a-t-elle recours? Soins individualis\u00e9s<\/strong><\/h2>\n\n<p>La chirurgie de changement de sexe fait r\u00e9f\u00e9rence \u00e0 une s\u00e9rie de proc\u00e9dures qui aident les gens \u00e0 faire la transition vers leur identit\u00e9 de genre. Ces proc\u00e9dures comprennent des changements au corps physique d\u2019une personne afin qu\u2019il corresponde \u00e0 son genre auto-identifi\u00e9.  <br\/>Les personnes qui choisissent de subir une chirurgie de changement de sexe ou une chirurgie d\u2019affirmation de genre souffrent de dysphorie de genre.<\/p>\n\n<h2 class=\"wp-block-heading\"><strong>Qu\u2019est-ce que la dysphorie de genre?<\/strong><\/h2>\n\n<p>La dysphorie de genre fait r\u00e9f\u00e9rence \u00e0 un sentiment de malaise qu\u2019une personne peut \u00e9prouver en raison de l\u2019incongruence du sexe biologique, ou du sexe assign\u00e9 \u00e0 la naissance, au genre auquel la personne s\u2019identifie.<br\/>De nombreuses personnes atteintes de dysphorie de genre ont \u00e9galement un fort d\u00e9sir de vivre leur \u00ab\u00a0vraie nature\u00a0\u00bb, ce qui signifie changer leur apparence et leur comportement pour vivre une vie qui correspond \u00e0 leur identit\u00e9 de genre. Bien que la dysphorie de genre ne soit pas consid\u00e9r\u00e9e comme une maladie mentale, certaines personnes peuvent d\u00e9velopper des probl\u00e8mes de sant\u00e9 mentale \u00e0 cause de cela.<\/p>\n\n<h2 class=\"wp-block-heading\"><strong>Quelle est la diff\u00e9rence entre transgenre et non binaire ?<\/strong><\/h2>\n\n<p>Le terme \u00ab transgenre \u00bb d\u00e9crit les personnes dont l\u2019identit\u00e9 de genre est diff\u00e9rente de leur sexe biologique. Les personnes qui s\u2019identifient comme \u00ab non binaires \u00bb sont celles dont l\u2019identit\u00e9 de genre ne correspond pas aux cat\u00e9gories traditionnelles f\u00e9minines et masculines.<\/p>\n","protected":false},"excerpt":{"rendered":"<p>Pr\u00e9occupations courantes concernant l\u2019affirmation de genre ou la chirurgie de changement de sexe Les chirurgies d\u2019affirmation de genre ou de confirmation de genre font r\u00e9f\u00e9rence \u00e0 une vari\u00e9t\u00e9 de proc\u00e9dures qui aident les patients \u00e0 faire la transition vers leur genre auto-identifi\u00e9. Ces proc\u00e9dures peuvent inclure la chirurgie faciale, la chirurgie du haut ou la [&hellip;]<\/p>\n","protected":false},"author":1,"featured_media":6223,"parent":0,"menu_order":0,"comment_status":"closed","ping_status":"closed","template":"page.php","meta":{"footnotes":""},"class_list":["post-10166","page","type-page","status-publish","has-post-thumbnail","hentry"],"acf":[],"_links":{"self":[{"href":"https:\/\/www.transgenderthailand.com\/fr\/wp-json\/wp\/v2\/pages\/10166","targetHints":{"allow":["GET"]}}],"collection":[{"href":"https:\/\/www.transgenderthailand.com\/fr\/wp-json\/wp\/v2\/pages"}],"about":[{"href":"https:\/\/www.transgenderthailand.com\/fr\/wp-json\/wp\/v2\/types\/page"}],"author":[{"embeddable":true,"href":"https:\/\/www.transgenderthailand.com\/fr\/wp-json\/wp\/v2\/users\/1"}],"replies":[{"embeddable":true,"href":"https:\/\/www.transgenderthailand.com\/fr\/wp-json\/wp\/v2\/comments?post=10166"}],"version-history":[{"count":0,"href":"https:\/\/www.transgenderthailand.com\/fr\/wp-json\/wp\/v2\/pages\/10166\/revisions"}],"wp:featuredmedia":[{"embeddable":true,"href":"https:\/\/www.transgenderthailand.com\/fr\/wp-json\/wp\/v2\/media\/6223"}],"wp:attachment":[{"href":"https:\/\/www.transgenderthailand.com\/fr\/wp-json\/wp\/v2\/media?parent=10166"}],"curies":[{"name":"wp","href":"https:\/\/api.w.org\/{rel}","templated":true}]}}