{"id":10167,"date":"2022-05-23T13:58:36","date_gmt":"2022-05-23T13:58:36","guid":{"rendered":"https:\/\/www.transgenderthailand.com\/environ\/"},"modified":"2026-02-17T08:40:59","modified_gmt":"2026-02-17T08:40:59","slug":"about-us","status":"publish","type":"page","link":"https:\/\/www.transgenderthailand.com\/fr\/about-us\/","title":{"rendered":"Environ"},"content":{"rendered":"\n<h2 class=\"wp-block-heading\"><strong>Qui sommes-nous<\/strong><\/h2>\n\n\n\n<figure class=\"wp-block-image size-full\"><img decoding=\"async\" width=\"719\" height=\"305\" src=\"https:\/\/www.transgenderthailand.com\/wp-content\/uploads\/2022\/06\/610b97d05248df69c1839053_K-wellness_190416_0007-1-edited-e1655261026812.jpg\" alt=\"wellness center\" class=\"wp-image-4182\" title=\"\" srcset=\"https:\/\/www.transgenderthailand.com\/wp-content\/uploads\/2022\/06\/610b97d05248df69c1839053_K-wellness_190416_0007-1-edited-e1655261026812.jpg 719w, https:\/\/www.transgenderthailand.com\/wp-content\/uploads\/2022\/06\/610b97d05248df69c1839053_K-wellness_190416_0007-1-edited-e1655261026812-300x127.jpg 300w, https:\/\/www.transgenderthailand.com\/wp-content\/uploads\/2022\/06\/610b97d05248df69c1839053_K-wellness_190416_0007-1-edited-e1655261026812-18x8.jpg 18w\" sizes=\"(max-width: 719px) 100vw, 719px\" \/><\/figure>\n\n\n\n<p>Transgender Thailand s\u2019est associ\u00e9 \u00e0 plusieurs h\u00f4pitaux dans le but de donner \u00e0 chacun des chirurgies transgenres et non conformes au genre s\u00fbres et efficaces. Nos partenaires offrent un environnement s\u00fbr et accueillant aux personnes qui esp\u00e8rent terminer leur transition.  <br>\u200d<br><strong>Nos h\u00f4pitaux partenaires offrent \u00e9galement des services de sant\u00e9 transgenres complets, notamment :<\/strong><br>\u200d<\/p>\n\n\n\n<p>&#8211; \u00c9valuation de la dysphorie de genre psychiatre  <br>&#8211; Services de soins primaires de routine pour les patients transgenres  <br>&#8211; Diriger les patients vers des chirurgiens li\u00e9s au genre pour une hormonoth\u00e9rapie optimale et d\u2019autres services<br>&#8211; Options de reproduction transgenre<br>&#8211; Proc\u00e9dures chirurgicales d\u2019affirmation de genre<br>\u200d<br>Transgender Thailand et nos h\u00f4pitaux partenaires permettent aux patients d\u2019acc\u00e9der \u00e0 une grande vari\u00e9t\u00e9 de chirurgies de transition de genre, y compris la reconstruction g\u00e9nitale et l\u2019augmentation ou la r\u00e9duction mammaire d\u2019homme \u00e0 femme (MTF) et de femme \u00e0 homme (FTM).  <br>\u200d<br>Apr\u00e8s chaque proc\u00e9dure de transition de genre, nos patients b\u00e9n\u00e9ficient d\u2019une continuit\u00e9 des soins pour assurer un r\u00e9tablissement en douceur. Les patients doivent \u00eatre \u00e2g\u00e9s de 18 ans pour \u00eatre autoris\u00e9s \u00e0 subir des proc\u00e9dures de transition de genre.  <\/p>\n\n\n\n<p><\/p>\n\n\n\n<p><\/p>\n\n\n\n<h2 class=\"wp-block-heading\"><strong>Soins individualis\u00e9s<\/strong><\/h2>\n\n\n\n<p>Les membres de notre personnel et nos chirurgiens offrent \u00e0 chaque patient un soutien individualis\u00e9 avant, pendant et apr\u00e8s chaque proc\u00e9dure. C\u2019est parce que nous comprenons le chemin que chaque personne fait pour atteindre son objectif personnel.  <br>\u200d<br>Nous veillons \u00e0 ce que chaque patient se sente psychologiquement pr\u00eat \u00e0 subir des chirurgies, ainsi qu\u2019\u00e0 se sentir entier et complet apr\u00e8s chaque proc\u00e9dure.  <br>\u200d<br>Prenez rendez-vous avec l\u2019un des membres de notre \u00e9quipe pour obtenir de l\u2019aide dans votre cheminement unique vers la r\u00e9alisation de votre v\u00e9rit\u00e9.<\/p>\n\n\n\n<p><\/p>\n\n\n\n<p><\/p>\n","protected":false},"excerpt":{"rendered":"<p>Qui sommes-nous Transgender Thailand s\u2019est associ\u00e9 \u00e0 plusieurs h\u00f4pitaux dans le but de donner \u00e0 chacun des chirurgies transgenres et non conformes au genre s\u00fbres et efficaces. Nos partenaires offrent un environnement s\u00fbr et accueillant aux personnes qui esp\u00e8rent terminer leur transition. \u200dNos h\u00f4pitaux partenaires offrent \u00e9galement des services de sant\u00e9 transgenres complets, notamment :\u200d [&hellip;]<\/p>\n","protected":false},"author":1,"featured_media":6223,"parent":0,"menu_order":0,"comment_status":"closed","ping_status":"closed","template":"page.php","meta":{"footnotes":""},"class_list":["post-10167","page","type-page","status-publish","has-post-thumbnail","hentry"],"acf":[],"_links":{"self":[{"href":"https:\/\/www.transgenderthailand.com\/fr\/wp-json\/wp\/v2\/pages\/10167","targetHints":{"allow":["GET"]}}],"collection":[{"href":"https:\/\/www.transgenderthailand.com\/fr\/wp-json\/wp\/v2\/pages"}],"about":[{"href":"https:\/\/www.transgenderthailand.com\/fr\/wp-json\/wp\/v2\/types\/page"}],"author":[{"embeddable":true,"href":"https:\/\/www.transgenderthailand.com\/fr\/wp-json\/wp\/v2\/users\/1"}],"replies":[{"embeddable":true,"href":"https:\/\/www.transgenderthailand.com\/fr\/wp-json\/wp\/v2\/comments?post=10167"}],"version-history":[{"count":1,"href":"https:\/\/www.transgenderthailand.com\/fr\/wp-json\/wp\/v2\/pages\/10167\/revisions"}],"predecessor-version":[{"id":206285,"href":"https:\/\/www.transgenderthailand.com\/fr\/wp-json\/wp\/v2\/pages\/10167\/revisions\/206285"}],"wp:featuredmedia":[{"embeddable":true,"href":"https:\/\/www.transgenderthailand.com\/fr\/wp-json\/wp\/v2\/media\/6223"}],"wp:attachment":[{"href":"https:\/\/www.transgenderthailand.com\/fr\/wp-json\/wp\/v2\/media?parent=10167"}],"curies":[{"name":"wp","href":"https:\/\/api.w.org\/{rel}","templated":true}]}}