{"id":5751,"date":"2022-05-23T13:57:03","date_gmt":"2022-05-23T13:57:03","guid":{"rendered":"https:\/\/www.transgenderthailand.com\/testimonianze\/"},"modified":"2026-02-17T08:24:49","modified_gmt":"2026-02-17T08:24:49","slug":"testimonials","status":"publish","type":"page","link":"https:\/\/www.transgenderthailand.com\/it\/testimonials\/","title":{"rendered":"Testimonianze"},"content":{"rendered":"\n<h2 class=\"wp-block-heading\"><strong>Korie &#8211; America<\/strong><\/h2>\n\n\n\n<figure class=\"wp-block-image size-full is-resized hover-testimonial\"><img decoding=\"async\" width=\"906\" height=\"558\" src=\"https:\/\/www.transgenderthailand.com\/wp-content\/uploads\/2022\/06\/unnamed.png\" alt=\"Nachricht\" class=\"wp-image-3906\" style=\"width:295px;height:180px\" title=\"\" srcset=\"https:\/\/www.transgenderthailand.com\/wp-content\/uploads\/2022\/06\/unnamed.png 906w, https:\/\/www.transgenderthailand.com\/wp-content\/uploads\/2022\/06\/unnamed-300x185.png 300w, https:\/\/www.transgenderthailand.com\/wp-content\/uploads\/2022\/06\/unnamed-768x473.png 768w, https:\/\/www.transgenderthailand.com\/wp-content\/uploads\/2022\/06\/unnamed-18x12.png 18w\" sizes=\"(max-width: 906px) 100vw, 906px\" \/><\/figure>\n\n\n\n<p>Vorrei prendermi un po &#8216;di tempo per evidenziare il mio soggiorno e i servizi che ho ricevuto quando ero in Thailandia. Il mio collegamento \u00e8 stato molto dedicato e persistente per aiutarmi a raggiungere l&#8217;ospedale e il suo impegno per portarmi nel paese e per assistermi con i servizi mentre ero l\u00ec \u00e8 stato notevole.<\/p>\n\n\n\n<p>Transgender Thailand \u00e8 stata molto calorosa e invitante, confortante e molto rassicurante che sarei stata in grado di ottenere la procedura di cui avevo bisogno e che l&#8217;ospedale si sarebbe preso cura di me. La mia liason \u00e8 stata molto diligente e professionale, non dimenticher\u00f2 mai lei e il suo impegno e servizio a me come paziente e come persona con la mia pi\u00f9 sincera gratitudine e ringraziamento.<\/p>\n\n\n\n<h2 class=\"wp-block-heading\"><strong>Gioiello &#8211; America\/Filippine<\/strong><\/h2>\n\n\n\n<figure class=\"wp-block-image size-full is-resized hover-testimonial\"><img decoding=\"async\" width=\"906\" height=\"558\" src=\"https:\/\/www.transgenderthailand.com\/wp-content\/uploads\/2022\/06\/unnamed.png\" alt=\"Nachricht\" class=\"wp-image-3906\" style=\"width:295px;height:270px\" title=\"\" srcset=\"https:\/\/www.transgenderthailand.com\/wp-content\/uploads\/2022\/06\/unnamed.png 906w, https:\/\/www.transgenderthailand.com\/wp-content\/uploads\/2022\/06\/unnamed-300x185.png 300w, https:\/\/www.transgenderthailand.com\/wp-content\/uploads\/2022\/06\/unnamed-768x473.png 768w, https:\/\/www.transgenderthailand.com\/wp-content\/uploads\/2022\/06\/unnamed-18x12.png 18w\" sizes=\"(max-width: 906px) 100vw, 906px\" \/><\/figure>\n\n\n\n<p>Voglio solo ringraziare il mio miglior agente in Thailandia transgender! Sono cos\u00ec eccitato nel mio viaggio, ho viaggiato dagli Stati Uniti alla Thailandia da solo! Sono perso, eccitato e nervoso! Cerco prima di fissare un appuntamento per il mio intervento chirurgico, ma ancora non ho capito la maggior parte di esso! La mia liaison mi \u00e8 stata presentata quando sono in ospedale dopo averla incontrata, tutto va cos\u00ec liscio! Lei risponde a tutte le mie domande e mi aiuta in tutto ci\u00f2 che dovrei sapere!<\/p>\n\n\n\n<p>Anche dopo l&#8217;intervento chirurgico e quando torno negli Stati Uniti! Se ho domande e dubbi, mi risponder\u00e0 il prima possibile! Non posso ringraziarla abbastanza per il suo aiuto! Le dar\u00f2 una valutazione del 100% per tutto ci\u00f2 che mi ha fatto in questo viaggio! Sono soddisfatta del risultato del mio intervento chirurgico e di come la Thailandia transgender si \u00e8 presa cura di me quando sono in Thailandia. Spero che tu aiuti pi\u00f9 persone ad avere un sogno che si avvera come me!<\/p>\n\n\n\n<h2 class=\"wp-block-heading\"><strong>Lauren &#8211; Israele<\/strong><\/h2>\n\n\n\n<p>Volevo dire grazie per tutto il supporto \u00e8 venuto in Thailandia durante la pandemia e tu sei stato l&#8217;unico che si \u00e8 preso cura di me giorno sera \u00e8 venuto a trovarmi quando stavo lottando mi ha portato cibi per le vacanze tre volte con non chiedere durante i mesi sei stato molto gentile per aiutare la madre sorella anche se quando ho dovuto parlare con la persona che eri l\u00ec devo dire grazie Tanto per tutto il tuo supporto anche ora mesi dopo l&#8217;intervento chirurgico stai rispondendo stai parlando che stai chiedendo e non \u00e8 nemmeno una domanda per te. Ancora una volta, grazie mille per tutto quello che stai facendo e hai fatto per me ti amo cos\u00ec tanto<\/p>\n\n\n\n<h2 class=\"wp-block-heading\"><strong>Alessandra da Roma<\/strong><\/h2>\n\n\n\n<figure class=\"wp-block-image size-full is-resized hover-testimonial\"><img decoding=\"async\" width=\"890\" height=\"816\" src=\"https:\/\/www.transgenderthailand.com\/wp-content\/uploads\/2022\/06\/alexandra.png\" alt=\"Nachricht\" class=\"wp-image-3916\" style=\"width:295px;height:180px\" title=\"\" srcset=\"https:\/\/www.transgenderthailand.com\/wp-content\/uploads\/2022\/06\/alexandra.png 890w, https:\/\/www.transgenderthailand.com\/wp-content\/uploads\/2022\/06\/alexandra-300x275.png 300w, https:\/\/www.transgenderthailand.com\/wp-content\/uploads\/2022\/06\/alexandra-768x704.png 768w, https:\/\/www.transgenderthailand.com\/wp-content\/uploads\/2022\/06\/alexandra-13x12.png 13w\" sizes=\"(max-width: 890px) 100vw, 890px\" \/><\/figure>\n\n\n\n<p>Era il mio sogno di venire in Thailandia ed eseguire la mia vaginoplastica secondaria con il dottor Kamol, ma il mio inglese e la paura di andarci da solo hanno fatto s\u00ec che questo rimanesse un sogno. Fino a quando ho incontrato Vanessa che era un vero angelo. Vanessa \u00e8 stata al mio fianco per tutto il periodo. Ha organizzato tutto per me, dal visto per il mio soggiorno a Bangkok alla procedura chirurgica in ospedale. Come se avessi trovato una sorella, grazie a lei mi sono sentita a casa. Spesso veniva a trovarmi e mi aiutava con tutto ci\u00f2 di cui avevo bisogno. Vanessa e il Dr. Kamol hanno realizzato il mio sogno, ho attraversato la mia vaginoplastica tecnica PPV in cui erano l&#8217;unico posto al mondo a fornire questa tecnica speciale e tutto \u00e8 andato bene. Non dimenticher\u00f2 mai questa esperienza e tutto l&#8217;amore che ho ricevuto dallo staff. Senza di loro, questo non sarebbe stato possibile.<\/p>\n","protected":false},"excerpt":{"rendered":"<p>Korie &#8211; America Vorrei prendermi un po &#8216;di tempo per evidenziare il mio soggiorno e i servizi che ho ricevuto quando ero in Thailandia. Il mio collegamento \u00e8 stato molto dedicato e persistente per aiutarmi a raggiungere l&#8217;ospedale e il suo impegno per portarmi nel paese e per assistermi con i servizi mentre ero l\u00ec [&hellip;]<\/p>\n","protected":false},"author":1,"featured_media":5175,"parent":0,"menu_order":0,"comment_status":"closed","ping_status":"closed","template":"page.php","meta":{"footnotes":""},"class_list":["post-5751","page","type-page","status-publish","has-post-thumbnail","hentry"],"acf":[],"_links":{"self":[{"href":"https:\/\/www.transgenderthailand.com\/it\/wp-json\/wp\/v2\/pages\/5751","targetHints":{"allow":["GET"]}}],"collection":[{"href":"https:\/\/www.transgenderthailand.com\/it\/wp-json\/wp\/v2\/pages"}],"about":[{"href":"https:\/\/www.transgenderthailand.com\/it\/wp-json\/wp\/v2\/types\/page"}],"author":[{"embeddable":true,"href":"https:\/\/www.transgenderthailand.com\/it\/wp-json\/wp\/v2\/users\/1"}],"replies":[{"embeddable":true,"href":"https:\/\/www.transgenderthailand.com\/it\/wp-json\/wp\/v2\/comments?post=5751"}],"version-history":[{"count":1,"href":"https:\/\/www.transgenderthailand.com\/it\/wp-json\/wp\/v2\/pages\/5751\/revisions"}],"predecessor-version":[{"id":206274,"href":"https:\/\/www.transgenderthailand.com\/it\/wp-json\/wp\/v2\/pages\/5751\/revisions\/206274"}],"wp:featuredmedia":[{"embeddable":true,"href":"https:\/\/www.transgenderthailand.com\/it\/wp-json\/wp\/v2\/media\/5175"}],"wp:attachment":[{"href":"https:\/\/www.transgenderthailand.com\/it\/wp-json\/wp\/v2\/media?parent=5751"}],"curies":[{"name":"wp","href":"https:\/\/api.w.org\/{rel}","templated":true}]}}