{"id":13724,"date":"2022-05-23T13:58:36","date_gmt":"2022-05-23T13:58:36","guid":{"rendered":"https:\/\/www.transgenderthailand.com\/sobre\/"},"modified":"2026-02-17T09:38:22","modified_gmt":"2026-02-17T09:38:22","slug":"about-us","status":"publish","type":"page","link":"https:\/\/www.transgenderthailand.com\/pt\/about-us\/","title":{"rendered":"Sobre"},"content":{"rendered":"\n<h2 class=\"wp-block-heading\"><strong>Quem somos<\/strong><\/h2>\n\n\n\n<figure class=\"wp-block-image size-full\"><img decoding=\"async\" width=\"719\" height=\"305\" src=\"https:\/\/www.transgenderthailand.com\/wp-content\/uploads\/2022\/06\/610b97d05248df69c1839053_K-wellness_190416_0007-1-edited-e1655261026812.jpg\" alt=\"wellness center\" class=\"wp-image-4182\" title=\"\" srcset=\"https:\/\/www.transgenderthailand.com\/wp-content\/uploads\/2022\/06\/610b97d05248df69c1839053_K-wellness_190416_0007-1-edited-e1655261026812.jpg 719w, https:\/\/www.transgenderthailand.com\/wp-content\/uploads\/2022\/06\/610b97d05248df69c1839053_K-wellness_190416_0007-1-edited-e1655261026812-300x127.jpg 300w, https:\/\/www.transgenderthailand.com\/wp-content\/uploads\/2022\/06\/610b97d05248df69c1839053_K-wellness_190416_0007-1-edited-e1655261026812-18x8.jpg 18w\" sizes=\"(max-width: 719px) 100vw, 719px\" \/><\/figure>\n\n\n\n<p>A Transgender Thailand fez parceria com v\u00e1rios hospitais com o objetivo de dar a todos cirurgias seguras e eficazes para transg\u00eaneros e n\u00e3o conformes com o g\u00eanero. Nossos parceiros oferecem um ambiente seguro e acolhedor para as pessoas que esperam concluir sua transi\u00e7\u00e3o.  <br>\u200d<br><strong>Nossos hospitais parceiros tamb\u00e9m oferecem servi\u00e7os abrangentes de sa\u00fade transg\u00eanero, incluindo:<\/strong><br>\u200d<\/p>\n\n\n\n<p>&#8211; Avalia\u00e7\u00e3o da Disforia de G\u00eanero do Psiquiatra  <br>&#8211; Servi\u00e7os de aten\u00e7\u00e3o prim\u00e1ria de rotina para pacientes transg\u00eaneros  <br>&#8211; Direcionar os pacientes para cirurgi\u00f5es relacionados ao g\u00eanero para uma terapia hormonal ideal e outros servi\u00e7os<br>&#8211; Op\u00e7\u00f5es reprodutivas transg\u00eanero<br>&#8211; Procedimentos cir\u00fargicos de afirma\u00e7\u00e3o de g\u00eanero<br>\u200d<br>A Transgender Thailand e nossos hospitais parceiros d\u00e3o aos pacientes acesso a uma ampla variedade de cirurgias de transi\u00e7\u00e3o de g\u00eanero, incluindo reconstru\u00e7\u00e3o genital masculina para mulher (MTF) e feminina para masculina (FTM) e aumento ou redu\u00e7\u00e3o de mama.  <br>\u200d<br>Ap\u00f3s cada procedimento de transi\u00e7\u00e3o de g\u00eanero, nossos pacientes recebem continuidade de cuidados para garantir uma recupera\u00e7\u00e3o suave. Os pacientes devem ter 18 anos de idade para serem autorizados a se submeter a procedimentos de transi\u00e7\u00e3o de g\u00eanero.  <\/p>\n\n\n\n<p><\/p>\n\n\n\n<p><\/p>\n\n\n\n<h2 class=\"wp-block-heading\"><strong>Atendimento Individualizado<\/strong><\/h2>\n\n\n\n<p>Nossos funcion\u00e1rios e cirurgi\u00f5es oferecem a cada paciente suporte individualizado antes, durante e ap\u00f3s cada procedimento. Isso ocorre porque entendemos a jornada que cada pessoa faz para alcan\u00e7ar seu objetivo pessoal.  <br>\u200d<br>Garantimos que cada paciente se sinta psicologicamente pronto para se submeter a cirurgias, bem como se sinta inteiro e completo ap\u00f3s cada procedimento.  <br>\u200d<br>Agende uma consulta com um dos membros de nossa equipe para obter assist\u00eancia em sua jornada \u00fanica para viver sua verdade.<\/p>\n\n\n\n<p><\/p>\n\n\n\n<p><\/p>\n","protected":false},"excerpt":{"rendered":"<p>Quem somos A Transgender Thailand fez parceria com v\u00e1rios hospitais com o objetivo de dar a todos cirurgias seguras e eficazes para transg\u00eaneros e n\u00e3o conformes com o g\u00eanero. Nossos parceiros oferecem um ambiente seguro e acolhedor para as pessoas que esperam concluir sua transi\u00e7\u00e3o. \u200dNossos hospitais parceiros tamb\u00e9m oferecem servi\u00e7os abrangentes de sa\u00fade transg\u00eanero, [&hellip;]<\/p>\n","protected":false},"author":1,"featured_media":12446,"parent":0,"menu_order":0,"comment_status":"closed","ping_status":"closed","template":"page.php","meta":{"footnotes":""},"class_list":["post-13724","page","type-page","status-publish","has-post-thumbnail","hentry"],"acf":[],"_links":{"self":[{"href":"https:\/\/www.transgenderthailand.com\/pt\/wp-json\/wp\/v2\/pages\/13724","targetHints":{"allow":["GET"]}}],"collection":[{"href":"https:\/\/www.transgenderthailand.com\/pt\/wp-json\/wp\/v2\/pages"}],"about":[{"href":"https:\/\/www.transgenderthailand.com\/pt\/wp-json\/wp\/v2\/types\/page"}],"author":[{"embeddable":true,"href":"https:\/\/www.transgenderthailand.com\/pt\/wp-json\/wp\/v2\/users\/1"}],"replies":[{"embeddable":true,"href":"https:\/\/www.transgenderthailand.com\/pt\/wp-json\/wp\/v2\/comments?post=13724"}],"version-history":[{"count":1,"href":"https:\/\/www.transgenderthailand.com\/pt\/wp-json\/wp\/v2\/pages\/13724\/revisions"}],"predecessor-version":[{"id":206290,"href":"https:\/\/www.transgenderthailand.com\/pt\/wp-json\/wp\/v2\/pages\/13724\/revisions\/206290"}],"wp:featuredmedia":[{"embeddable":true,"href":"https:\/\/www.transgenderthailand.com\/pt\/wp-json\/wp\/v2\/media\/12446"}],"wp:attachment":[{"href":"https:\/\/www.transgenderthailand.com\/pt\/wp-json\/wp\/v2\/media?parent=13724"}],"curies":[{"name":"wp","href":"https:\/\/api.w.org\/{rel}","templated":true}]}}