{"id":13730,"date":"2022-05-23T13:57:03","date_gmt":"2022-05-23T13:57:03","guid":{"rendered":"https:\/\/www.transgenderthailand.com\/depoimentos\/"},"modified":"2026-02-17T09:37:06","modified_gmt":"2026-02-17T09:37:06","slug":"testimonials","status":"publish","type":"page","link":"https:\/\/www.transgenderthailand.com\/pt\/testimonials\/","title":{"rendered":"Depoimentos"},"content":{"rendered":"\n<h2 class=\"wp-block-heading\"><strong>Korie, Am\u00e9rica<\/strong><\/h2>\n\n\n\n<figure class=\"wp-block-image size-full is-resized hover-testimonial\"><img decoding=\"async\" width=\"906\" height=\"558\" src=\"https:\/\/www.transgenderthailand.com\/wp-content\/uploads\/2022\/06\/unnamed.png\" alt=\"message\" class=\"wp-image-3906\" style=\"width:295px;height:180px\" title=\"\" srcset=\"https:\/\/www.transgenderthailand.com\/wp-content\/uploads\/2022\/06\/unnamed.png 906w, https:\/\/www.transgenderthailand.com\/wp-content\/uploads\/2022\/06\/unnamed-300x185.png 300w, https:\/\/www.transgenderthailand.com\/wp-content\/uploads\/2022\/06\/unnamed-768x473.png 768w, https:\/\/www.transgenderthailand.com\/wp-content\/uploads\/2022\/06\/unnamed-18x12.png 18w\" sizes=\"(max-width: 906px) 100vw, 906px\" \/><\/figure>\n\n\n\n<p>Gostaria de tirar algum tempo para destacar a minha estadia e os servi\u00e7os que recebi quando estava na Tail\u00e2ndia. Minha liga\u00e7\u00e3o foi muito dedicada e persistente para me ajudar a chegar ao hospital e seu compromisso de me levar para o pa\u00eds e me ajudar com os servi\u00e7os enquanto eu estava l\u00e1 foi not\u00e1vel.<\/p>\n\n\n\n<p>Transgender Tail\u00e2ndia foi muito caloroso e convidativo reconfortante e muito seguro de que eu seria capaz de obter o procedimento que eu precisava e que o hospital iria cuidar de mim. Minha liga\u00e7\u00e3o foi muito diligente e profissional, nunca vou esquec\u00ea-la e seu compromisso e servi\u00e7o para comigo como paciente e como pessoa com minha mais sincera gratid\u00e3o e agradecimento.<\/p>\n\n\n\n<h2 class=\"wp-block-heading\"><strong>Joia da Am\u00e9rica\/Filipinas<\/strong><\/h2>\n\n\n\n<figure class=\"wp-block-image size-full is-resized hover-testimonial\"><img decoding=\"async\" width=\"906\" height=\"558\" src=\"https:\/\/www.transgenderthailand.com\/wp-content\/uploads\/2022\/06\/unnamed.png\" alt=\"message\" class=\"wp-image-3906\" style=\"width:295px;height:270px\" title=\"\" srcset=\"https:\/\/www.transgenderthailand.com\/wp-content\/uploads\/2022\/06\/unnamed.png 906w, https:\/\/www.transgenderthailand.com\/wp-content\/uploads\/2022\/06\/unnamed-300x185.png 300w, https:\/\/www.transgenderthailand.com\/wp-content\/uploads\/2022\/06\/unnamed-768x473.png 768w, https:\/\/www.transgenderthailand.com\/wp-content\/uploads\/2022\/06\/unnamed-18x12.png 18w\" sizes=\"(max-width: 906px) 100vw, 906px\" \/><\/figure>\n\n\n\n<p>Eu s\u00f3 quero agradecer ao meu melhor agente na Tail\u00e2ndia Transg\u00eanero! Estou t\u00e3o animado na minha jornada, eu viajei dos EUA para a Tail\u00e2ndia sozinho! Estou perdido, animado e nervoso! Eu fa\u00e7o a pesquisa antes de marcar uma consulta para a minha cirurgia, mas ainda n\u00e3o entendi a maior parte dela! Minha liga\u00e7\u00e3o foi apresentada a mim quando estou no hospital depois de conhec\u00ea-la tudo corre t\u00e3o bem! Ela responde a todas as minhas perguntas e me ajuda em tudo o que eu deveria saber!<\/p>\n\n\n\n<p>Mesmo depois da cirurgia e quando eu voltar para os EUA! Se eu tiver alguma d\u00favida e preocupa\u00e7\u00e3o, ela me responder\u00e1 assim que puder! Eu n\u00e3o posso agradec\u00ea-la o suficiente por sua ajuda! Vou dar-lhe 100% de classifica\u00e7\u00e3o por tudo o que ela fez comigo nesta jornada! Estou satisfeito com o resultado da minha cirurgia e como a Transgender Thailand cuidou de mim quando estou na Tail\u00e2ndia. Espero que voc\u00ea ajude mais pessoas a ter l\u00e1 sonho se tornando realidade como eu!<\/p>\n\n\n\n<h2 class=\"wp-block-heading\"><strong>Lauren, Israel<\/strong><\/h2>\n\n\n\n<p>Eu queria dizer obrigado por todo o apoio que veio para a Tail\u00e2ndia durante a pandemia e voc\u00ea foi o \u00fanico que cuidou de mim dia \u00e0 noite veio me visitar quando eu estava lutando me trouxe alimentos de f\u00e9rias tr\u00eas vezes com n\u00e3o-perguntar durante os meses voc\u00ea foi muito gentil por ajudar a m\u00e3e irm\u00e3, mesmo que quando eu tive que falar com a pessoa que voc\u00ea estava l\u00e1 eu tenho que dizer obrigado tanto para todo o seu apoio, mesmo agora meses ap\u00f3s a cirurgia que voc\u00ea est\u00e1 respondendo que voc\u00ea est\u00e1 falando que voc\u00ea est\u00e1 perguntando e nem \u00e9 uma pergunta para voc\u00ea. Mais uma vez, muito obrigado por tudo o que voc\u00ea est\u00e1 fazendo e voc\u00ea fez por mim te amo tanto<\/p>\n\n\n\n<h2 class=\"wp-block-heading\"><strong>Alessandra, Roma<\/strong><\/h2>\n\n\n\n<figure class=\"wp-block-image size-full is-resized hover-testimonial\"><img decoding=\"async\" width=\"890\" height=\"816\" src=\"https:\/\/www.transgenderthailand.com\/wp-content\/uploads\/2022\/06\/alexandra.png\" alt=\"message\" class=\"wp-image-3916\" style=\"width:295px;height:180px\" title=\"\" srcset=\"https:\/\/www.transgenderthailand.com\/wp-content\/uploads\/2022\/06\/alexandra.png 890w, https:\/\/www.transgenderthailand.com\/wp-content\/uploads\/2022\/06\/alexandra-300x275.png 300w, https:\/\/www.transgenderthailand.com\/wp-content\/uploads\/2022\/06\/alexandra-768x704.png 768w, https:\/\/www.transgenderthailand.com\/wp-content\/uploads\/2022\/06\/alexandra-13x12.png 13w\" sizes=\"(max-width: 890px) 100vw, 890px\" \/><\/figure>\n\n\n\n<p>Era meu sonho vir para a Tail\u00e2ndia e realizar minha vaginoplastia secund\u00e1ria com o Doutor Kamol, mas meu ingl\u00eas e o medo de ir para l\u00e1 sozinho fizeram com que isso continuasse sendo um sonho. At\u00e9 que conheci Vanessa, que era um verdadeiro anjo. Vanessa esteve ao meu lado durante todo o per\u00edodo. Ela organizou tudo para mim, desde o visto para a minha estadia em Bangkok at\u00e9 o procedimento cir\u00fargico no hospital. Como se eu encontrasse uma irm\u00e3, gra\u00e7as a ela me senti em casa. Ela muitas vezes vinha me visitar e me ajudava com qualquer coisa que eu precisasse. Vanessa e o Dr. Kamol fizeram meu sonho se tornar realidade, passei pela minha vaginoplastia t\u00e9cnica de PPV em que eles eram o \u00fanico lugar do mundo fornecendo essa t\u00e9cnica especial e tudo correu bem. Nunca esquecerei essa experi\u00eancia e todo o amor que recebi da equipe. Sem eles, isso n\u00e3o teria sido poss\u00edvel.<\/p>\n","protected":false},"excerpt":{"rendered":"<p>Korie, Am\u00e9rica Gostaria de tirar algum tempo para destacar a minha estadia e os servi\u00e7os que recebi quando estava na Tail\u00e2ndia. Minha liga\u00e7\u00e3o foi muito dedicada e persistente para me ajudar a chegar ao hospital e seu compromisso de me levar para o pa\u00eds e me ajudar com os servi\u00e7os enquanto eu estava l\u00e1 foi [&hellip;]<\/p>\n","protected":false},"author":1,"featured_media":12444,"parent":0,"menu_order":0,"comment_status":"closed","ping_status":"closed","template":"page.php","meta":{"footnotes":""},"class_list":["post-13730","page","type-page","status-publish","has-post-thumbnail","hentry"],"acf":[],"_links":{"self":[{"href":"https:\/\/www.transgenderthailand.com\/pt\/wp-json\/wp\/v2\/pages\/13730","targetHints":{"allow":["GET"]}}],"collection":[{"href":"https:\/\/www.transgenderthailand.com\/pt\/wp-json\/wp\/v2\/pages"}],"about":[{"href":"https:\/\/www.transgenderthailand.com\/pt\/wp-json\/wp\/v2\/types\/page"}],"author":[{"embeddable":true,"href":"https:\/\/www.transgenderthailand.com\/pt\/wp-json\/wp\/v2\/users\/1"}],"replies":[{"embeddable":true,"href":"https:\/\/www.transgenderthailand.com\/pt\/wp-json\/wp\/v2\/comments?post=13730"}],"version-history":[{"count":1,"href":"https:\/\/www.transgenderthailand.com\/pt\/wp-json\/wp\/v2\/pages\/13730\/revisions"}],"predecessor-version":[{"id":206289,"href":"https:\/\/www.transgenderthailand.com\/pt\/wp-json\/wp\/v2\/pages\/13730\/revisions\/206289"}],"wp:featuredmedia":[{"embeddable":true,"href":"https:\/\/www.transgenderthailand.com\/pt\/wp-json\/wp\/v2\/media\/12444"}],"wp:attachment":[{"href":"https:\/\/www.transgenderthailand.com\/pt\/wp-json\/wp\/v2\/media?parent=13730"}],"curies":[{"name":"wp","href":"https:\/\/api.w.org\/{rel}","templated":true}]}}