{"id":13742,"date":"2022-05-23T13:58:49","date_gmt":"2022-05-23T13:58:49","guid":{"rendered":"https:\/\/www.transgenderthailand.com\/preocupacoes-comuns\/"},"modified":"2022-11-29T06:32:26","modified_gmt":"2022-11-29T06:32:26","slug":"common-concerns","status":"publish","type":"page","link":"https:\/\/www.transgenderthailand.com\/pt\/common-concerns\/","title":{"rendered":"Preocupa\u00e7\u00f5es comuns"},"content":{"rendered":"\n<h2 class=\"wp-block-heading\">Preocupa\u00e7\u00f5es comuns sobre a afirma\u00e7\u00e3o de g\u00eanero ou cirurgia de redesigna\u00e7\u00e3o sexual<\/h2>\n\n<figure class=\"wp-block-image size-800-cropped-thumb\"><img decoding=\"async\" width=\"2048\" height=\"760\" src=\"https:\/\/www.transgenderthailand.com\/wp-content\/uploads\/2022\/06\/pexels-cottonbro-6551770-edited-2048x760.jpeg\" alt=\"\" class=\"wp-image-4235\" title=\"\"><\/figure>\n\n<p>As cirurgias de afirma\u00e7\u00e3o de g\u00eanero ou confirma\u00e7\u00e3o de g\u00eanero referem-se a uma variedade de procedimentos que ajudam os pacientes a fazer a transi\u00e7\u00e3o para seu g\u00eanero autoidentificado. Esses procedimentos podem incluir cirurgia facial, cirurgia superior ou cirurgia inferior.<\/p>\n\n<h2 class=\"wp-block-heading\"><strong>O que \u00e9 a cirurgia de redesigna\u00e7\u00e3o sexual e por que ela \u00e9 feita? Atendimento Individualizado<\/strong><\/h2>\n\n<p>A cirurgia de redesigna\u00e7\u00e3o sexual refere-se a uma s\u00e9rie de procedimentos que ajudam as pessoas a fazer a transi\u00e7\u00e3o para sua identidade de g\u00eanero. Esses procedimentos incluem fazer altera\u00e7\u00f5es no corpo f\u00edsico de uma pessoa para que ele corresponda ao seu g\u00eanero auto-identificado.  <br\/>As pessoas que optam por se submeter \u00e0 cirurgia de redesigna\u00e7\u00e3o sexual ou cirurgia de afirma\u00e7\u00e3o de g\u00eanero sofrem de disforia de g\u00eanero.<\/p>\n\n<h2 class=\"wp-block-heading\"><strong>O que \u00e9 disforia de g\u00eanero?<\/strong><\/h2>\n\n<p>A disforia de g\u00eanero refere-se a uma sensa\u00e7\u00e3o de desconforto que uma pessoa pode experimentar por causa da incongru\u00eancia do sexo biol\u00f3gico, ou o sexo atribu\u00eddo no nascimento, ao g\u00eanero com o qual a pessoa se identifica.<br\/>Muitas pessoas com disforia de g\u00eanero tamb\u00e9m t\u00eam um forte desejo de viver sua &#8220;verdadeira natureza&#8221;, o que significa mudar a maneira como se parecem e se comportam para viver uma vida que corresponda \u00e0 sua identidade de g\u00eanero. Embora a disforia de g\u00eanero n\u00e3o seja considerada uma doen\u00e7a mental, algumas pessoas podem desenvolver problemas de sa\u00fade mental por causa disso.<\/p>\n\n<h2 class=\"wp-block-heading\"><strong>Qual \u00e9 a diferen\u00e7a entre transg\u00eanero e n\u00e3o-bin\u00e1rio?<\/strong><\/h2>\n\n<p>O termo &#8220;transg\u00eanero&#8221; descreve pessoas cuja identidade de g\u00eanero \u00e9 diferente de seu sexo biol\u00f3gico. As pessoas que se identificam como &#8220;n\u00e3o-bin\u00e1rias&#8221; s\u00e3o aquelas cuja identidade de g\u00eanero n\u00e3o se encaixa nas categorias tradicionais femininas e masculinas.<\/p>\n","protected":false},"excerpt":{"rendered":"<p>Preocupa\u00e7\u00f5es comuns sobre a afirma\u00e7\u00e3o de g\u00eanero ou cirurgia de redesigna\u00e7\u00e3o sexual As cirurgias de afirma\u00e7\u00e3o de g\u00eanero ou confirma\u00e7\u00e3o de g\u00eanero referem-se a uma variedade de procedimentos que ajudam os pacientes a fazer a transi\u00e7\u00e3o para seu g\u00eanero autoidentificado. Esses procedimentos podem incluir cirurgia facial, cirurgia superior ou cirurgia inferior. O que \u00e9 a [&hellip;]<\/p>\n","protected":false},"author":1,"featured_media":12446,"parent":0,"menu_order":0,"comment_status":"closed","ping_status":"closed","template":"page.php","meta":{"footnotes":""},"class_list":["post-13742","page","type-page","status-publish","has-post-thumbnail","hentry"],"acf":[],"_links":{"self":[{"href":"https:\/\/www.transgenderthailand.com\/pt\/wp-json\/wp\/v2\/pages\/13742","targetHints":{"allow":["GET"]}}],"collection":[{"href":"https:\/\/www.transgenderthailand.com\/pt\/wp-json\/wp\/v2\/pages"}],"about":[{"href":"https:\/\/www.transgenderthailand.com\/pt\/wp-json\/wp\/v2\/types\/page"}],"author":[{"embeddable":true,"href":"https:\/\/www.transgenderthailand.com\/pt\/wp-json\/wp\/v2\/users\/1"}],"replies":[{"embeddable":true,"href":"https:\/\/www.transgenderthailand.com\/pt\/wp-json\/wp\/v2\/comments?post=13742"}],"version-history":[{"count":0,"href":"https:\/\/www.transgenderthailand.com\/pt\/wp-json\/wp\/v2\/pages\/13742\/revisions"}],"wp:featuredmedia":[{"embeddable":true,"href":"https:\/\/www.transgenderthailand.com\/pt\/wp-json\/wp\/v2\/media\/12446"}],"wp:attachment":[{"href":"https:\/\/www.transgenderthailand.com\/pt\/wp-json\/wp\/v2\/media?parent=13742"}],"curies":[{"name":"wp","href":"https:\/\/api.w.org\/{rel}","templated":true}]}}